{"id":261,"date":"2018-02-26T17:30:14","date_gmt":"2018-02-26T16:30:14","guid":{"rendered":"http:\/\/invia-streetwork.de\/impressum\/"},"modified":"2023-01-02T15:02:57","modified_gmt":"2023-01-02T14:02:57","slug":"impressum","status":"publish","type":"page","link":"http:\/\/invia-streetwork.de\/cs\/impressum\/","title":{"rendered":"Impressum"},"content":{"rendered":"<p>Die nachstehenden Informationen enthalten die gesetzlich vorgesehenen Pflichtangaben zur Anbieterkennzeichnung, sowie rechtliche Hinweise zur Internetpr\u00e4senz von IN VIA Katholischer Verband f\u00fcr M\u00e4dchen- und Frauensozialarbeit f\u00fcr das Erzbistum Berlin gGmbH<\/p>\n<h2>Anbieter dieser Internetpr\u00e4senz ist<\/h2>\n<p>IN VIA Katholischer Verband f\u00fcr M\u00e4dchen- und Frauensozialarbeit f\u00fcr das Erzbistum Berlin gGmbH<br \/>\nResidenzstra\u00dfe 90 | 13409Berlin<br \/>\nTelefon: 030 8561903 10<br \/>\nFax: 030 8561903 50<br \/>\nE-Mail: <a href=\"mailto:info@invia-berlin.de\">info@invia-berlin.de<\/a><\/p>\n<h2>Vertretung<\/h2>\n<p>IN VIA Katholischer Verband f\u00fcr M\u00e4dchen- und Frauensozialarbeit f\u00fcr das Erzbistum Berlin gGmbH wird gesetzlich vertreten durch die Gesch\u00e4ftsf\u00fchrerin.<\/p>\n<h2>Handelsregister<\/h2>\n<p>Handelsregister: Amtsgericht Charlottenburg Registernummer HRB 247575 B<\/p>\n<h2>Informationen zur Online-Streitbeilegung<\/h2>\n<p>Die EU-Kommission hat eine Internetplattform zur Online-Beilegung von Streitigkeiten (sog. &#8222;OS-Plattform&#8220;) geschaffen. Die OS-Plattform dient als Anlaufstelle zur au\u00dfergerichtlichen Beilegung von Streitigkeiten, die aus Online-Dienstleistungsvertr\u00e4gen erwachsen. Die OS-Plattform wird unter dem folgenden Link erreicht: <a href=\"http:\/\/ec.europa.eu\/consumers\/odr\">http:\/\/ec.europa.eu\/consumers\/odr<\/a><br \/>\n<strong>Au\u00dfergerichtliche Streitschlichtung:<\/strong> Zur Teilnahme an einem Streitbeilegungsverfahren vor einer Verbraucherschlichtungsstelle nach dem &#8222;Gesetz \u00fcber die alternative Streitbeilegung in Verbrauchersachen (VSBG)&#8220; sind wir nicht bereit und nicht verpflichtet.<\/p>\n<p>Wedesign: <a href=\"http:\/\/www.medienzauber.de\/\" target=\"_blank\" rel=\"noopener noreferrer\">medienzauber.de<\/a><\/p>\n","protected":false},"excerpt":{"rendered":"<p>Die nachstehenden Informationen enthalten die gesetzlich vorgesehenen Pflichtangaben zur Anbieterkennzeichnung, sowie rechtliche Hinweise zur Internetpr\u00e4senz von IN VIA Katholischer Verband f\u00fcr M\u00e4dchen- und Frauensozialarbeit f\u00fcr das Erzbistum Berlin gGmbH Anbieter&hellip; <a class=\"excerpt-more-link\" href=\"http:\/\/invia-streetwork.de\/cs\/impressum\/\">Read More<\/a><\/p>\n","protected":false},"author":6,"featured_media":0,"parent":0,"menu_order":70,"comment_status":"closed","ping_status":"closed","template":"page-templates\/no-sidebar.php","meta":{"footnotes":""},"class_list":["post-261","page","type-page","status-publish","hentry"],"_links":{"self":[{"href":"http:\/\/invia-streetwork.de\/cs\/wp-json\/wp\/v2\/pages\/261","targetHints":{"allow":["GET"]}}],"collection":[{"href":"http:\/\/invia-streetwork.de\/cs\/wp-json\/wp\/v2\/pages"}],"about":[{"href":"http:\/\/invia-streetwork.de\/cs\/wp-json\/wp\/v2\/types\/page"}],"author":[{"embeddable":true,"href":"http:\/\/invia-streetwork.de\/cs\/wp-json\/wp\/v2\/users\/6"}],"replies":[{"embeddable":true,"href":"http:\/\/invia-streetwork.de\/cs\/wp-json\/wp\/v2\/comments?post=261"}],"version-history":[{"count":5,"href":"http:\/\/invia-streetwork.de\/cs\/wp-json\/wp\/v2\/pages\/261\/revisions"}],"predecessor-version":[{"id":773,"href":"http:\/\/invia-streetwork.de\/cs\/wp-json\/wp\/v2\/pages\/261\/revisions\/773"}],"wp:attachment":[{"href":"http:\/\/invia-streetwork.de\/cs\/wp-json\/wp\/v2\/media?parent=261"}],"curies":[{"name":"wp","href":"https:\/\/api.w.org\/{rel}","templated":true}]}}