{"id":449,"date":"2018-03-01T10:29:22","date_gmt":"2018-03-01T09:29:22","guid":{"rendered":"http:\/\/invia-streetwork.de\/?page_id=449"},"modified":"2018-03-01T10:38:05","modified_gmt":"2018-03-01T09:38:05","slug":"449-2","status":"publish","type":"page","link":"http:\/\/invia-streetwork.de\/cs\/449-2\/","title":{"rendered":"Specializovan\u00e9 poradensk\u00e9 centrum"},"content":{"rendered":"<h2>IN VIA Streetwork<\/h2>\n<h3>Aktivn\u00ed c\u00edlen\u00e1 podpora a poradenstv\u00ed pro prostitutky<\/h3>\n<p><strong>Poradenstv\u00ed na n\u00e1sleduj\u00edc\u00ed t\u00e9mata:<\/strong><\/p>\n<ul>\n<li>ProstSchG<\/li>\n<li>Jak se zachovat pri kontrole<\/li>\n<li>dan\u011b<\/li>\n<li>HIV \/ AIDS a dal\u0161\u00ed nemoci p\u0159enosn\u00e9 pohlavn\u00edm stykem<\/li>\n<li>antikoncepce<\/li>\n<li>nemocensk\u00e9 poji\u0161t\u011bn\u00ed<\/li>\n<li>povolen\u00ed pobytu a pracovn\u00ed povolen\u00ed v N\u011bmecku<\/li>\n<\/ul>\n<p><strong>Podpora a poradenstv\u00ed pro \u017eeny \u017eiv\u00edc\u00ed se prostituc\u00ed v p\u0159\u00edpad\u011b ukon\u010den\u00ed prostitu\u010dn\u00ed \u010dinnosti.<\/strong><\/p>\n<p><strong>Zdravotn\u00ed prohl\u00eddka pro prostitutky:<\/strong><\/p>\n<ul>\n<li>HIV, hepatitida A + B + C, chlamydi\u00f3za, syfilis, kapavka<\/li>\n<li>t\u011bhotensk\u00fd test<\/li>\n<\/ul>\n<p><strong>V\u0161echny nab\u00eddky jsou bezplatn\u00e9 a anonymn\u00ed!<\/strong><\/p>\n<div class=\"box blue-box\"> <strong>Dal\u0161\u00ed informace obdr\u017e\u00edte na t\u011bchto telefonn\u00edch \u010d\u00edslech:<\/strong><br \/>\n+49 1636369 437<br \/>\n+49 15787818900<\/div>\n","protected":false},"excerpt":{"rendered":"<p>IN VIA Streetwork Aktivn\u00ed c\u00edlen\u00e1 podpora a poradenstv\u00ed pro prostitutky Poradenstv\u00ed na n\u00e1sleduj\u00edc\u00ed t\u00e9mata: ProstSchG Jak se zachovat pri kontrole dan\u011b HIV \/ AIDS a dal\u0161\u00ed nemoci p\u0159enosn\u00e9 pohlavn\u00edm stykem&hellip; <a class=\"excerpt-more-link\" href=\"http:\/\/invia-streetwork.de\/cs\/449-2\/\">Read More<\/a><\/p>\n","protected":false},"author":6,"featured_media":0,"parent":0,"menu_order":30,"comment_status":"closed","ping_status":"closed","template":"page-templates\/sprachen.php","meta":{"footnotes":""},"class_list":["post-449","page","type-page","status-publish","hentry"],"_links":{"self":[{"href":"http:\/\/invia-streetwork.de\/cs\/wp-json\/wp\/v2\/pages\/449","targetHints":{"allow":["GET"]}}],"collection":[{"href":"http:\/\/invia-streetwork.de\/cs\/wp-json\/wp\/v2\/pages"}],"about":[{"href":"http:\/\/invia-streetwork.de\/cs\/wp-json\/wp\/v2\/types\/page"}],"author":[{"embeddable":true,"href":"http:\/\/invia-streetwork.de\/cs\/wp-json\/wp\/v2\/users\/6"}],"replies":[{"embeddable":true,"href":"http:\/\/invia-streetwork.de\/cs\/wp-json\/wp\/v2\/comments?post=449"}],"version-history":[{"count":4,"href":"http:\/\/invia-streetwork.de\/cs\/wp-json\/wp\/v2\/pages\/449\/revisions"}],"predecessor-version":[{"id":454,"href":"http:\/\/invia-streetwork.de\/cs\/wp-json\/wp\/v2\/pages\/449\/revisions\/454"}],"wp:attachment":[{"href":"http:\/\/invia-streetwork.de\/cs\/wp-json\/wp\/v2\/media?parent=449"}],"curies":[{"name":"wp","href":"https:\/\/api.w.org\/{rel}","templated":true}]}}