{"id":288,"date":"2018-02-26T17:40:08","date_gmt":"2018-02-26T16:40:08","guid":{"rendered":"http:\/\/invia-streetwork.de\/datenschutz\/"},"modified":"2023-01-02T15:05:52","modified_gmt":"2023-01-02T14:05:52","slug":"datenschutz","status":"publish","type":"page","link":"http:\/\/invia-streetwork.de\/es\/datenschutz\/","title":{"rendered":"Datenschutz"},"content":{"rendered":"<p><strong>Datenschutzinformationen f\u00fcr die Webseite nach \u00a7\u00a7 15, 16 Gesetz \u00fcber den Kirchlichen Datenschutz (KDG)<\/strong><\/p>\n<p>Sehr geehrte Besucherinnen und Besucher unserer Webseite,<br \/>\ndamit Sie sich beim Besuch unserer Webseite sicher und wohl f\u00fchlen, m\u00f6chten wir Sie nach-folgend \u00fcber den Umgang mit Ihren Daten informieren.<\/p>\n<p><strong>Verantwortlicher<\/strong><\/p>\n<p>Verantwortlicher f\u00fcr die Verarbeitung von personenbezogenen Daten, die bei dem Besuch dieser Webseite erfasst werden, ist:<br \/>\nIN VIA Katholischer Verband f\u00fcr<br \/>\nM\u00e4dchen- und Frauensozialarbeit f\u00fcr das Erzbistum Berlin GmbH<br \/>\nResidenzstra\u00dfe 90<br \/>\n13409 Berlin<br \/>\nTelefon: +49 30 8561903-10<br \/>\nFax: +49 30 8561903-50<br \/>\nE-Mail: info@invia-berlin.de<\/p>\n<p><strong>Nutzungsdaten<\/strong><\/p>\n<p>Wenn Sie unsere Webseiten besuchen, verarbeiten wir auf Grundlage von \u00a7 6 Absatz 1 lit. g Gesetz \u00fcber den Kirchlichen Datenschutz (KDG) tempor\u00e4r so genannte Nutzungsdaten. Die Nutzungsdaten umfassen: besuchte Webseite Datum und Uhrzeit des Zugriffs \u00fcbertragene Datenmenge Quelle\/ Verweis, von welchem Sie auf die Webseite gelangten verwendeter Browser verwendetes Betriebssystem IP-Adresse des anfragenden Rechners<br \/>\nDie Nutzungsdaten verwenden wir zu statistischen Zwecken, um die Qualit\u00e4t unserer Web-seiten zu verbessern sowie zu Sicherheitszwecken. Wir verwenden diese Informationen au-\u00dferdem, um den Aufruf unserer Webseite zu erm\u00f6glichen, zur Kontrolle und Administration unserer Systeme sowie zur Verbesserung der Gestaltung der Webseiten. Diese von uns verfolgten Zwecke stellen zugleich das berechtigte Interesse im Sinne von \u00a7 6 Absatz 1 lit. g KDG dar.<\/p>\n<p><strong>Kontaktaufnahme<\/strong><\/p>\n<p>Sie haben die M\u00f6glichkeit, mit uns mittels elektronischer Post sowie telefonisch in Kontakt zu treten. Soweit Sie uns in diesem Zusammenhang Daten mitteilen, verarbeiten wir diese lediglich zur Beantwortung Ihrer Anfrage. Eine Weitergabe an Dritte erfolgt nur, soweit dies f\u00fcr die Bearbeitung Ihres Anliegens erforderlich ist. Die Rechtsgrundlage f\u00fcr die Verarbeitung Ihrer Daten ist \u00a7 6 Absatz 1 lit. g KDG (Interessenabw\u00e4gung, basierend auf unserem Interesse, im Kontakt mit den Nutzern der Webseite zu sein und gegebenenfalls gestellte Fragen zu beantworten oder Informationen zu versenden).<\/p>\n<p><strong>Cookies<\/strong><\/p>\n<p>Wir setzen in einigen Bereichen unserer Webseite Cookies ein, um die Webseite optimal ge-stalten zu k\u00f6nnen. Dies erm\u00f6glicht eine Erleichterung der Navigation und ein hohes Ma\u00df an Benutzerfreundlichkeit.<br \/>\nCookies sind kleine Textdateien, die auf der Festplatte Ihres Endger\u00e4ts abgelegt werden. Sie erlauben es, Informationen \u00fcber einen bestimmten Zeitraum vorzuhalten und Ihr Endger\u00e4t zu identifizieren. Zur besseren Benutzerf\u00fchrung und individuellen Leistungsdarstellung setzen wir permanente Cookies ein. Sie k\u00f6nnen Ihren Browser so einstellen, dass er Sie \u00fcber die Platzierung von Cookies informiert. So wird der Gebrauch von Cookies f\u00fcr Sie transparent. Wichtig: Wenn Sie die Nutzung von Cookies v\u00f6llig ausschlie\u00dfen, k\u00f6nnen Sie einzelne Funkti-onen unserer Webseite m\u00f6glicherweise nicht verwenden.<\/p>\n<p><strong>Dauer der Datenspeicherung<\/strong><\/p>\n<p>Wir speichern Ihre Daten grunds\u00e4tzlich nur so lange, wie wir sie f\u00fcr die jeweiligen Verarbeitungszwecke ben\u00f6tigen. Sind die Daten f\u00fcr die Erf\u00fcllung der in diesen Datenschutzhinweisen genannten Verarbeitungszwecke nicht mehr erforderlich, werden diese gel\u00f6scht, es sei denn, deren Aufbewahrung ist zur Erf\u00fcllung von gesetzlichen Aufbewahrungspflichten weiterhin notwendig.<\/p>\n<p><strong>Empf\u00e4nger Ihrer Daten<\/strong><\/p>\n<p>Innerhalb des IN VIA Katholischer Verband f\u00fcr M\u00e4dchen- und Frauensozialarbeit f\u00fcr das Erz-bistum Berlin e.V. erhalten nur Personen Zugang zu Ihren Daten, die diese zur Erledigung der ihnen \u00fcbertragenen Aufgaben ben\u00f6tigen. Au\u00dferhalb des IN VIA Katholischer Verband f\u00fcr M\u00e4dchen- und Frauensozialarbeit f\u00fcr das Erzbistum Berlin gGmbH k\u00f6nnen Dienstleister, die uns bei der Erf\u00fcllung unserer Aufgaben unterst\u00fctzen, Zugang zu Ihren Daten erhalten. Dies sind Dienstleister der folgenden Kategorien: Hosting-Dienstleister f\u00fcr den Betrieb unserer Server Entwicklungsdienstleister f\u00fcr Programmierung, Entwicklung, Wartung und Support von Software-Anwendungen<br \/>\nVon uns eingesetzte Dienstleister m\u00fcssen besondere Vertraulichkeitsanforderungen erf\u00fcl-len. Sie erhalten nur in dem Umfang und f\u00fcr den Zeitraum Zugang zu Ihren Daten, der f\u00fcr die Erf\u00fcllung der Aufgaben erforderlich ist.<\/p>\n<p><strong>Datenverarbeitung au\u00dferhalb der Europ\u00e4ischen Union<\/strong><\/p>\n<p>F\u00fcr die Verarbeitung Ihrer Daten setzen wir Dienstleister (YouTube) ein, die sich in Drittl\u00e4n-dern au\u00dferhalb der Europ\u00e4ischen Union befinden. L\u00e4nder au\u00dferhalb der Europ\u00e4ischen Union handhaben den Schutz von personenbezogenen Daten anders als L\u00e4nder innerhalb der Europ\u00e4ischen Union. Es gibt aktuell keinen Beschluss der EU-Kommission, dass diese Drittl\u00e4nder allgemein ein angemessenes Schutzniveau bieten. Wir haben daher besondere Ma\u00dfnahmen getroffen, um sicherzustellen, dass Ihre Daten in den Drittl\u00e4ndern ebenso sicher wie inner-halb der Europ\u00e4ischen Union verarbeitet werden. Durch die Zertifizierung nach dem EU-US-Datenschutzschild (\u201eEU-US Privacy Shield\u201c), abrufbar unter diesem Link: https:\/\/www.pri-vacyshield.gov\/participant?id=a2zt000000001L5AAI&amp;status=Active, garantiert Google und damit auch das Tochterunternehmen YouTube, dass die Datenschutzvorgaben der Europ\u00e4i-schen Union bei der Verarbeitung von Daten in den USA eingehalten werden.<\/p>\n<p><strong>Ihre Rechte<\/strong><\/p>\n<p>Als betroffene Person haben Sie das Recht auf Auskunft \u00fcber die Sie betreffenden personenbezogenen Daten (\u00a7 17 KDG), auf Berichtigung unrichtiger Daten (\u00a7 18 KDG) sowie auf L\u00f6schung, sofern einer der in \u00a7 19 KDG genannten Gr\u00fcnde vorliegt, z.B. wenn die Daten f\u00fcr die verfolgten Zwecke nicht mehr ben\u00f6tigt werden. Es besteht zudem das Recht auf<br \/>\nEinschr\u00e4nkung der Verarbeitung, wenn eine der in \u00a7 20 KDG genannten Voraussetzungen vorliegt und in den F\u00e4llen des \u00a7 22 KDG das Recht auf Daten\u00fcbertragbarkeit. Wenn wir Ihre Daten auf Grundlage einer Einwilligung gem\u00e4\u00df \u00a7 6 Absatz 1 lit. b KDG verarbeiten, haben Sie das Recht, die Einwilligung jederzeit zu widerrufen. Die Rechtm\u00e4\u00dfigkeit der aufgrund der Ein-willigung bis zum Widerruf erfolgten Verarbeitung wird durch den Widerruf nicht ber\u00fchrt.<br \/>\nIhre Datenschutzrechte k\u00f6nnen Sie hier geltend machen: Kontaktdaten IN VIA Katholischer Verband f\u00fcr M\u00e4dchen- und Frauensozialarbeit f\u00fcr das Erzbistum Berlin gGmbH, Residenzstra\u00dfe 90, 13409 Berlin Telefon: +49 30 8561903-10 Fax: +49 30 8561903-50 E-Mail: info@invia-berlin.de<br \/>\nDar\u00fcber hinaus haben Sie als betroffene Person das Recht auf Beschwerde bei der Daten-schutzaufsicht, wenn Sie der Ansicht sind, dass die Verarbeitung der Sie betreffenden Daten gegen datenschutzrechtliche Bestimmungen verst\u00f6\u00dft. Die zust\u00e4ndige Datenschutzaufsicht f\u00fcr den IN VIA Katholischer Verband f\u00fcr M\u00e4dchen- und Frauensozialarbeit f\u00fcr das Erzbistum Berlin GmbH ist der Di\u00f6zesandatenschutzbeauftragte der ostdeutschen Bist\u00fcmer und des Katholischen Milit\u00e4rbischofs, Margaretenstra\u00dfe 1, 39218 Sch\u00f6nebeck, E-Mail: matthias.ullrich@datenschutzbeauftragter-ost.de.<\/p>\n<p><strong>Datenschutzbeauftragter<\/strong><\/p>\n<p>Bei der Erf\u00fcllung unserer datenschutzrechtlichen Pflichten werden wir von unserem Datenschutzbeauftragten unterst\u00fctzt. Nennen Sie im Falle einer Anfrage bitte die Einrichtung, um die es geht. Die Kontaktdaten unseres Datenschutzbeauftragten lauten:<br \/>\ndatenschutz nord GmbH<br \/>\nNiederlassung Berlin<br \/>\nKurf\u00fcrstendamm 212<br \/>\n10719 Berlin<br \/>\nE-Mail: office@datenschutz-nord.de<\/p>\n","protected":false},"excerpt":{"rendered":"<p>Datenschutzinformationen f\u00fcr die Webseite nach \u00a7\u00a7 15, 16 Gesetz \u00fcber den Kirchlichen Datenschutz (KDG) Sehr geehrte Besucherinnen und Besucher unserer Webseite, damit Sie sich beim Besuch unserer Webseite sicher und&hellip; <a class=\"excerpt-more-link\" href=\"http:\/\/invia-streetwork.de\/es\/datenschutz\/\">Read More<\/a><\/p>\n","protected":false},"author":6,"featured_media":0,"parent":0,"menu_order":80,"comment_status":"closed","ping_status":"closed","template":"page-templates\/no-sidebar.php","meta":{"footnotes":""},"class_list":["post-288","page","type-page","status-publish","hentry"],"_links":{"self":[{"href":"http:\/\/invia-streetwork.de\/es\/wp-json\/wp\/v2\/pages\/288","targetHints":{"allow":["GET"]}}],"collection":[{"href":"http:\/\/invia-streetwork.de\/es\/wp-json\/wp\/v2\/pages"}],"about":[{"href":"http:\/\/invia-streetwork.de\/es\/wp-json\/wp\/v2\/types\/page"}],"author":[{"embeddable":true,"href":"http:\/\/invia-streetwork.de\/es\/wp-json\/wp\/v2\/users\/6"}],"replies":[{"embeddable":true,"href":"http:\/\/invia-streetwork.de\/es\/wp-json\/wp\/v2\/comments?post=288"}],"version-history":[{"count":4,"href":"http:\/\/invia-streetwork.de\/es\/wp-json\/wp\/v2\/pages\/288\/revisions"}],"predecessor-version":[{"id":791,"href":"http:\/\/invia-streetwork.de\/es\/wp-json\/wp\/v2\/pages\/288\/revisions\/791"}],"wp:attachment":[{"href":"http:\/\/invia-streetwork.de\/es\/wp-json\/wp\/v2\/media?parent=288"}],"curies":[{"name":"wp","href":"https:\/\/api.w.org\/{rel}","templated":true}]}}