{"id":314,"date":"2018-02-26T18:34:04","date_gmt":"2018-02-26T17:34:04","guid":{"rendered":"http:\/\/invia-streetwork.de\/?page_id=314"},"modified":"2018-08-15T14:02:16","modified_gmt":"2018-08-15T12:02:16","slug":"information-about-the-new-german-prostitute-protection-act-for-sex-workers","status":"publish","type":"page","link":"http:\/\/invia-streetwork.de\/es\/","title":{"rendered":"Contenidos b\u00e1sicos de la Ley Alemana de Protecci\u00f3n de los Trabajadores Sexuales (ProstSchG)"},"content":{"rendered":"<p>El 01 de julio de 2017 entr\u00f3 en vigor la Ley Alemana de Protecci\u00f3n de los Trabajadores Sexuales (ProstSchG) que contiene, de manera resumida, los siguientes puntos clave: obligaci\u00f3n de registro para todos los trabajadores sexuales, as\u00ed como obligaci\u00f3n de asesoramiento sanitario, obligaci\u00f3n de obtener un permiso para el ejercicio de la prostituci\u00f3n, obligaci\u00f3n del uso del preservativo y prohibici\u00f3n de publicidad.<\/p>\n<ol>\n<li>\tQuien desee ejercer la prostituci\u00f3n, deber\u00e1 registrarse ante la autoridad competente en la zona en la que vaya a desempe\u00f1ar mayoritariamente su actividad profesional. Antes de proceder al registro de la actividad, la persona deber\u00e1 asistir a una cita de asesoramiento sanitario en la Autoridad Sanitaria del estado federado correspondiente. El registro de la actividad deber\u00e1 efectuarse igualmente en la Autoridad del estado federado correspondiente. Para la obtenci\u00f3n del Certificado de registro se requiere asistir a una cita informativa y de asesoramiento.<\/li>\n<li>\tQuien desee dirigir un establecimiento de prostituci\u00f3n requiere un permiso de la autoridad competente. Para ello se comprueba la fiabilidad del propietario del establecimiento, asimismo su concepto profesional debe ser autorizado por la autoridad competente. El permiso podr\u00e1 contener limitaciones o estar vinculado a determinadas condiciones. Seg\u00fan la Ley Alemana de Protecci\u00f3n de los Trabajadores Sexuales (ProstSchG) los establecimientos de prostituci\u00f3n deben cumplir con determinados requisitos m\u00ednimos.<\/li>\n<li>\tLos clientes de los profesionales del sexo tienen la obligaci\u00f3n de usar preservativo durante las relaciones sexuales. Los propietarios de establecimientos de prostituci\u00f3n est\u00e1n obligados a informar mediante carteles informativos bien visibles sobre la obligatoriedad del uso del preservativo en dichos establecimientos.<\/li>\n<li>\tEst\u00e1 prohibida toda publicidad de relaciones sexuales sin preservativo o con mujeres embarazadas, ya sea de manera escrita, oral o de forma velada.<\/li>\n","protected":false},"excerpt":{"rendered":"<p>El 01 de julio de 2017 entr\u00f3 en vigor la Ley Alemana de Protecci\u00f3n de los Trabajadores Sexuales (ProstSchG) que contiene, de manera resumida, los siguientes puntos clave: obligaci\u00f3n de&hellip; <a class=\"excerpt-more-link\" href=\"http:\/\/invia-streetwork.de\/es\/\">Read More<\/a><\/p>\n","protected":false},"author":6,"featured_media":0,"parent":0,"menu_order":0,"comment_status":"closed","ping_status":"closed","template":"page-templates\/sprachen.php","meta":{"footnotes":""},"class_list":["post-314","page","type-page","status-publish","hentry"],"_links":{"self":[{"href":"http:\/\/invia-streetwork.de\/es\/wp-json\/wp\/v2\/pages\/314","targetHints":{"allow":["GET"]}}],"collection":[{"href":"http:\/\/invia-streetwork.de\/es\/wp-json\/wp\/v2\/pages"}],"about":[{"href":"http:\/\/invia-streetwork.de\/es\/wp-json\/wp\/v2\/types\/page"}],"author":[{"embeddable":true,"href":"http:\/\/invia-streetwork.de\/es\/wp-json\/wp\/v2\/users\/6"}],"replies":[{"embeddable":true,"href":"http:\/\/invia-streetwork.de\/es\/wp-json\/wp\/v2\/comments?post=314"}],"version-history":[{"count":8,"href":"http:\/\/invia-streetwork.de\/es\/wp-json\/wp\/v2\/pages\/314\/revisions"}],"predecessor-version":[{"id":535,"href":"http:\/\/invia-streetwork.de\/es\/wp-json\/wp\/v2\/pages\/314\/revisions\/535"}],"wp:attachment":[{"href":"http:\/\/invia-streetwork.de\/es\/wp-json\/wp\/v2\/media?parent=314"}],"curies":[{"name":"wp","href":"https:\/\/api.w.org\/{rel}","templated":true}]}}