{"id":316,"date":"2018-02-26T18:39:14","date_gmt":"2018-02-26T17:39:14","guid":{"rendered":"http:\/\/invia-streetwork.de\/?page_id=316"},"modified":"2018-09-17T15:20:43","modified_gmt":"2018-09-17T13:20:43","slug":"informaciones-sobre-la-ley-alemana-para-la-proteccion-de-las-prostitutas-para-los-trabajadores-del-sexo-en-el-estado-federado-de-brandeburgo","status":"publish","type":"page","link":"http:\/\/invia-streetwork.de\/es\/informaciones-sobre-la-ley-alemana-para-la-proteccion-de-las-prostitutas-para-los-trabajadores-del-sexo-en-el-estado-federado-de-brandeburgo\/","title":{"rendered":"Informaciones sobre la  Ley Alemana de Protecci\u00f3n de las trabajadoras y los trabajadores sexuales (ProstSchG)"},"content":{"rendered":"<p>En Alemania, desde el 01 de julio de 2017 se aplica la Ley Alemana de Protecci\u00f3n de los Trabajadores Sexuales (ProstSchG). El registro se debe efectuar en la zona en la que vaya a desempe\u00f1ar mayoritariamente su actividad profesional.<\/p>\n<h2>Pasos importantes<\/h2>\n<h2>1. Registro:<\/h2>\n<ul>\n<li>Asesoramiento sanitario en la autoridad sanitaria local (en la localidad del registro)<\/li>\n<li>Cita informativa y de asesoramiento en la autoridad competente<\/li>\n<\/ul>\n<p><strong>La autoridad competente solo podr\u00e1 emitir el Certificado de registro una vez que se hayan efectuado dichos tr\u00e1mites.<\/strong><\/p>\n<h2>2. Es obligatorio llevar consigo el Certificado de registro y el Certificado sobre el asesoramiento sanitario siempre que desempe\u00f1e la actividad profesional.<\/h2>\n<h2>3. El registro (cita informativa y de asesoramiento) tiene que ser repetido peri\u00f3dicamente:<\/h2>\n<ul>\n<li><strong>Entre 18 y 21 a\u00f1os:<\/strong><br \/>\nRegistro con cita informativa y de asesoramiento cada doce meses<br \/>\nAsesoramiento sanitario cada seis meses<\/li>\n<li><strong>A partir de 21 a\u00f1os:<\/strong><br \/>\nRegistro con asesoramiento sanitario e informativo cada dos a\u00f1os<br \/>\nAsesoramiento sanitario cada doce meses<\/li>\n<\/ul>\n<hr \/>\n<h2>Documentos necesarios para el registro<\/h2>\n<ol>\n<li>Certificado de asesoramiento sanitario (antig\u00fcedad menor a tres meses)<\/li>\n<li>Documento personal de identidad vigente<\/li>\n<li>Permiso de residencia y de trabajo (para residentes no europeos)<\/li>\n<li>Domicilio o direcci\u00f3n postal (en Alemania)Dos fotograf\u00edas de pasaporte<\/li>\n<li>Listado de los estados federados o municipios en los que se va a ejercer la actividad profesional<\/li>\n<\/ol>\n<p>Si se dispone de todos los documentos la autoridad competente deber\u00e1 emitir el Certificado de registro en un per\u00edodo de cinco d\u00edas laborales.<\/p>\n<hr \/>\n<h2>Certificado de registro con seud\u00f3nimo<\/h2>\n<p>Este certificado con seud\u00f3nimo se emitir\u00e1 si as\u00ed lo desea el solicitante. El resto de los datos corresponden al Certificado de registro.<\/p>\n<hr \/>\n<h2>En el Certificado de registro constan los siguientes datos<\/h2>\n<ul>\n<li>Nombre y apellidos o seud\u00f3nimo (en el caso de un Certificado con seud\u00f3nimo)<\/li>\n<li>Fecha y lugar de nacimiento<\/li>\n<li>Nacionalidad<\/li>\n<li>Periodo de validez y autoridad emisora del certificado<\/li>\n<li>Listado de los estados federados o municipios en los que se va a ejercer la actividad profesional<\/li>\n<li>Una fotograf\u00eda de pasaporte<\/li>\n<\/ul>\n<p><strong>RECUERDE QUE ES OBLIGATORIO LLEVAR CONSIGO TANTO EL CERTIFICADO DE REGISTRO O EL CERTIFICADO DE REGISTRO CON SEUD\u00d3NIMO SIEMPRE QUE EJERZA SU ACTIVIDAD PROFESIONAL:<\/strong><br \/>\nCualquier cambio de los datos del registro o lugares de trabajo tienen que ser comunicados a la autoridad competente en un plazo de 14 d\u00edas.<\/p>\n<hr \/>\n<h2>Denegaci\u00f3n del Certificado de registro o del Certificado con seud\u00f3nimo<\/h2>\n<p>No se conceder\u00e1n Certificados de registro a menores de edad o a personas entre 18 y 21 a\u00f1os que sean inducidos a ejercer una actividad sexual por otras personas o a personas cuya actividad profesional sea determinada mayoritariamente por terceros.<br \/>\nTampoco se conceder\u00e1 el Certificado de registro a mujeres embarazadas en avanzado estado de gestaci\u00f3n (seis semanas antes de la fecha prevista de parto) y a trabajadores sexuales que no hayan entregado toda la documentaci\u00f3n requerida para la emisi\u00f3n del certificado.<\/p>\n<hr \/>\n<h2>Uso obligatorio del preservativo<\/h2>\n<p>En Alemania es obligatorio el uso del preservativo. Los clientes que no acaten dicha norma ser\u00e1n sancionados con elevadas multas.<\/p>\n<hr \/>\n<h2>Los propietarios de establecimientos en los que se ejerza una actividad sexual tienen que cumplir, entre otros, los siguientes requisitos ante las autoridades:<\/h2>\n<ul>\n<li>Los propietarios de establecimientos est\u00e1n obligados a controlar que en su establecimiento solo trabajen personas que dispongan del Certificado de registro (est\u00e1n obligados a permitir el ejercicio de una actividad en su establecimiento s\u00f3lo a personas que tengan dicho certificado)<\/li>\n<li>Los siguientes datos tienen que ser almacenados durante dos a\u00f1os:\n<ul>\n<li>Nombre y apellidos o seud\u00f3nimo de trabajo<\/li>\n<li>Periodo de validez y autoridad emisora del Certificado de registro<\/li>\n<li>El Certificado de asesoramiento sanitario<\/li>\n<li>D\u00edas de trabajo de los trabajadores sexuales<\/li>\n<\/ul>\n<\/li>\n<\/ul>\n<hr \/>\n<h2>Los propietarios de los establecimientos tienen que cumplir los siguientes requisitos ante los trabajadores sexuales:<\/h2>\n<ul>\n<li>Antes de comenzar el ejercicio de la actividad profesional se tiene que celebrar un acuerdo<\/li>\n<li>Tanto dicho acuerdo como los justificantes o facturas sobre pagos realizados tienen que ser entregados al trabajador o trabajadora<\/li>\n<li>El concepto del establecimiento o evento tiene que estar a disposici\u00f3n del trabajador o trabajadora<\/li>\n<li>Los propietarios tienen que permitir, en todo momento, que los trabajadores sexuales acudan a las citas de control sanitario y asesoramiento (de las oficinas de asesoramiento de las autoridades competentes)<\/li>\n<\/ul>\n<hr \/>\n<h2>Protecci\u00f3n de datos<\/h2>\n<p>No podr\u00e1 ser facilitado ning\u00fan dato ni del asesoramiento sanitario ni de las citas informativas a terceros sin el consentimiento previo de los trabajadores sexuales.<\/p>\n<p>Los datos personales del Certificado de registro se transmitir\u00e1n tanto a la agencia tributaria correspondiente como a los estados federados o a los municipios donde se ha planeado desempe\u00f1ar su actividad profesional.<br \/>\nEl ejercicio de una actividad sexual es una actividad econ\u00f3mica susceptible de pagar impuestos.<\/p>\n<hr \/>\n<p>DATOS DE CONTACTO<br \/>\n0163 63 69 437<br \/>\n0177 73 86 276<br \/>\nwww.invia-streetwork.de<\/p>\n","protected":false},"excerpt":{"rendered":"<p>En Alemania, desde el 01 de julio de 2017 se aplica la Ley Alemana de Protecci\u00f3n de los Trabajadores Sexuales (ProstSchG). El registro se debe efectuar en la zona en&hellip; <a class=\"excerpt-more-link\" href=\"http:\/\/invia-streetwork.de\/es\/informaciones-sobre-la-ley-alemana-para-la-proteccion-de-las-prostitutas-para-los-trabajadores-del-sexo-en-el-estado-federado-de-brandeburgo\/\">Read More<\/a><\/p>\n","protected":false},"author":6,"featured_media":0,"parent":0,"menu_order":10,"comment_status":"closed","ping_status":"closed","template":"page-templates\/sprachen.php","meta":{"footnotes":""},"class_list":["post-316","page","type-page","status-publish","hentry"],"_links":{"self":[{"href":"http:\/\/invia-streetwork.de\/es\/wp-json\/wp\/v2\/pages\/316","targetHints":{"allow":["GET"]}}],"collection":[{"href":"http:\/\/invia-streetwork.de\/es\/wp-json\/wp\/v2\/pages"}],"about":[{"href":"http:\/\/invia-streetwork.de\/es\/wp-json\/wp\/v2\/types\/page"}],"author":[{"embeddable":true,"href":"http:\/\/invia-streetwork.de\/es\/wp-json\/wp\/v2\/users\/6"}],"replies":[{"embeddable":true,"href":"http:\/\/invia-streetwork.de\/es\/wp-json\/wp\/v2\/comments?post=316"}],"version-history":[{"count":14,"href":"http:\/\/invia-streetwork.de\/es\/wp-json\/wp\/v2\/pages\/316\/revisions"}],"predecessor-version":[{"id":546,"href":"http:\/\/invia-streetwork.de\/es\/wp-json\/wp\/v2\/pages\/316\/revisions\/546"}],"wp:attachment":[{"href":"http:\/\/invia-streetwork.de\/es\/wp-json\/wp\/v2\/media?parent=316"}],"curies":[{"name":"wp","href":"https:\/\/api.w.org\/{rel}","templated":true}]}}