{"id":335,"date":"2018-02-28T10:14:12","date_gmt":"2018-02-28T09:14:12","guid":{"rendered":"http:\/\/invia-streetwork.de\/?page_id=335"},"modified":"2018-03-01T10:45:47","modified_gmt":"2018-03-01T09:45:47","slug":"centro-de-asesoramiento-especializado","status":"publish","type":"page","link":"http:\/\/invia-streetwork.de\/es\/centro-de-asesoramiento-especializado\/","title":{"rendered":"Centro de asesoramiento especializado"},"content":{"rendered":"<h2>IN VIA Streetwork<\/h2>\n<h3>Trabajo de extensi\u00f3n y asesoramiento en el \u00e1rea del trabajo sexual<\/h3>\n<p><strong>Asesoramiento en los siguientes temas:<\/strong><\/p>\n<ul>\n<li>ProstSchG<\/li>\n<li>C\u00f3mo comportarse ante los controles<\/li>\n<li>Impuestos<\/li>\n<li>VIH\/SIDA y otras enfermedades de transmisi\u00f3n sexual<\/li>\n<li>M\u00e9todos anticonceptivos<\/li>\n<li>Seguro de salud<\/li>\n<li>Permiso de residencia y de trabajo en Alemania<\/li>\n<\/ul>\n<p><strong>Ayuda y asesoramiento de reorientaci\u00f3n profesional<\/strong><\/p>\n<p><strong>Ex\u00e1menes m\u00e9dicos para trabajadores sexuales:<\/strong><\/p>\n<ul>\n<li>VIH, Hepatitis A+B+C, Clamidia, S\u00edfilis, Gonorrea<\/li>\n<li>Prueba de embarazo<\/li>\n<\/ul>\n<p><strong>Todos los servicios son gratuitos y an\u00f3nimos!<\/strong><\/p>\n<div class=\"box blue-box\"> <strong>Para m\u00e1s informaci\u00f3n, comun\u00edquese a los siguientes n\u00fameros de tel\u00e9fono:<\/strong><br \/>\n+49 1636369437<br \/>\n+49 15787818900<\/div>\n","protected":false},"excerpt":{"rendered":"<p>IN VIA Streetwork Trabajo de extensi\u00f3n y asesoramiento en el \u00e1rea del trabajo sexual Asesoramiento en los siguientes temas: ProstSchG C\u00f3mo comportarse ante los controles Impuestos VIH\/SIDA y otras enfermedades&hellip; <a class=\"excerpt-more-link\" href=\"http:\/\/invia-streetwork.de\/es\/centro-de-asesoramiento-especializado\/\">Read More<\/a><\/p>\n","protected":false},"author":6,"featured_media":0,"parent":0,"menu_order":30,"comment_status":"closed","ping_status":"closed","template":"page-templates\/sprachen.php","meta":{"footnotes":""},"class_list":["post-335","page","type-page","status-publish","hentry"],"_links":{"self":[{"href":"http:\/\/invia-streetwork.de\/es\/wp-json\/wp\/v2\/pages\/335","targetHints":{"allow":["GET"]}}],"collection":[{"href":"http:\/\/invia-streetwork.de\/es\/wp-json\/wp\/v2\/pages"}],"about":[{"href":"http:\/\/invia-streetwork.de\/es\/wp-json\/wp\/v2\/types\/page"}],"author":[{"embeddable":true,"href":"http:\/\/invia-streetwork.de\/es\/wp-json\/wp\/v2\/users\/6"}],"replies":[{"embeddable":true,"href":"http:\/\/invia-streetwork.de\/es\/wp-json\/wp\/v2\/comments?post=335"}],"version-history":[{"count":4,"href":"http:\/\/invia-streetwork.de\/es\/wp-json\/wp\/v2\/pages\/335\/revisions"}],"predecessor-version":[{"id":461,"href":"http:\/\/invia-streetwork.de\/es\/wp-json\/wp\/v2\/pages\/335\/revisions\/461"}],"wp:attachment":[{"href":"http:\/\/invia-streetwork.de\/es\/wp-json\/wp\/v2\/media?parent=335"}],"curies":[{"name":"wp","href":"https:\/\/api.w.org\/{rel}","templated":true}]}}