{"id":263,"date":"2018-02-26T17:30:14","date_gmt":"2018-02-26T16:30:14","guid":{"rendered":"http:\/\/invia-streetwork.de\/impressum\/"},"modified":"2018-03-01T12:29:05","modified_gmt":"2018-03-01T11:29:05","slug":"impressum","status":"publish","type":"page","link":"http:\/\/invia-streetwork.de\/fr\/impressum\/","title":{"rendered":"Impressum"},"content":{"rendered":"<p>Die nachstehenden Informationen enthalten die gesetzlich vorgesehenen Pflichtangaben zur Anbieterkennzeichnung, sowie rechtliche Hinweise zur Internetpr\u00e4senz von IN VIA Katholischer Verband f\u00fcr M\u00e4dchen- und Frauensozialarbeit f\u00fcr das Erzbistum Berlin e.V.<\/p>\n<h2>Anbieter dieser Internetpr\u00e4senz ist<\/h2>\n<p>IN VIA Katholischer Verband f\u00fcr M\u00e4dchen- und Frauensozialarbeit f\u00fcr das Erzbistum Berlin e.V.<\/p>\n<p>Residenzstra\u00dfe 90 | 13409Berlin<br \/>\nTelefon: 030 8561903 10<br \/>\nFax: 030 8561903 50<br \/>\nE-Mail: <a href=\"mailto:info@invia-berlin.de\">info@invia-berlin.de<\/a><\/p>\n<h2>Vertretung<\/h2>\n<p>Der IN VIA Katholischer Verband f\u00fcr M\u00e4dchen- und Frauensozialarbeit f\u00fcr das Erzbistum Berlin e.V. wird gesetzlich vertreten durch seinen Vorstand,<\/p>\n<ul>\n<li>Vorsitzende: Dr. Gabriele Pollert<\/li>\n<li>Stellvertretende Vorsitzende: Dominca Baten<\/li>\n<li>Beisitzerinnen: Anja L\u00fcbke, Marion Scheller<\/li>\n<li>Vertreterin der Caritasdirektorin: Gabriela Hockertz<\/li>\n<li>Gesch\u00e4ftsf\u00fchrerin: Anne Dietrich-Tillmann<\/li>\n<\/ul>\n<p>dieser wird vertreten durch die Vorsitzende oder die stellvertretende Vorsitzende und einem weiteren zeichnungsberechtigten Vorstandsmitglied.<\/p>\n<h2>Vereinsregister<\/h2>\n<p>Vereinsregister des Amtsgerichts Berlin-Charlottenburg:<br \/>\nRegisternummer VR 1310 B<\/p>\n<h2>Informationen zur Online-Streitbeilegung<\/h2>\n<p>Die EU-Kommission hat eine Internetplattform zur Online-Beilegung von Streitigkeiten (sog. \u00ab\u00a0OS-Plattform\u00a0\u00bb) geschaffen. Die OS-Plattform dient als Anlaufstelle zur au\u00dfergerichtlichen Beilegung von Streitigkeiten, die aus Online-Dienstleistungsvertr\u00e4gen erwachsen. Die OS-Plattform wird unter dem folgenden Link erreicht: <a href=\"http:\/\/ec.europa.eu\/consumers\/odr\">http:\/\/ec.europa.eu\/consumers\/odr<\/a><br \/>\n<strong>Au\u00dfergerichtliche Streitschlichtung:<\/strong> Zur Teilnahme an einem Streitbeilegungsverfahren vor einer Verbraucherschlichtungsstelle nach dem \u00ab\u00a0Gesetz \u00fcber die alternative Streitbeilegung in Verbrauchersachen (VSBG)\u00a0\u00bb sind wir nicht bereit und nicht verpflichtet.<\/p>\n","protected":false},"excerpt":{"rendered":"<p>Die nachstehenden Informationen enthalten die gesetzlich vorgesehenen Pflichtangaben zur Anbieterkennzeichnung, sowie rechtliche Hinweise zur Internetpr\u00e4senz von IN VIA Katholischer Verband f\u00fcr M\u00e4dchen- und Frauensozialarbeit f\u00fcr das Erzbistum Berlin e.V. Anbieter&hellip; <a class=\"excerpt-more-link\" href=\"http:\/\/invia-streetwork.de\/fr\/impressum\/\">Read More<\/a><\/p>\n","protected":false},"author":6,"featured_media":0,"parent":0,"menu_order":70,"comment_status":"closed","ping_status":"closed","template":"page-templates\/no-sidebar.php","meta":{"footnotes":""},"class_list":["post-263","page","type-page","status-publish","hentry"],"_links":{"self":[{"href":"http:\/\/invia-streetwork.de\/fr\/wp-json\/wp\/v2\/pages\/263","targetHints":{"allow":["GET"]}}],"collection":[{"href":"http:\/\/invia-streetwork.de\/fr\/wp-json\/wp\/v2\/pages"}],"about":[{"href":"http:\/\/invia-streetwork.de\/fr\/wp-json\/wp\/v2\/types\/page"}],"author":[{"embeddable":true,"href":"http:\/\/invia-streetwork.de\/fr\/wp-json\/wp\/v2\/users\/6"}],"replies":[{"embeddable":true,"href":"http:\/\/invia-streetwork.de\/fr\/wp-json\/wp\/v2\/comments?post=263"}],"version-history":[{"count":3,"href":"http:\/\/invia-streetwork.de\/fr\/wp-json\/wp\/v2\/pages\/263\/revisions"}],"predecessor-version":[{"id":465,"href":"http:\/\/invia-streetwork.de\/fr\/wp-json\/wp\/v2\/pages\/263\/revisions\/465"}],"wp:attachment":[{"href":"http:\/\/invia-streetwork.de\/fr\/wp-json\/wp\/v2\/media?parent=263"}],"curies":[{"name":"wp","href":"https:\/\/api.w.org\/{rel}","templated":true}]}}