{"id":341,"date":"2018-02-28T10:17:27","date_gmt":"2018-02-28T09:17:27","guid":{"rendered":"http:\/\/invia-streetwork.de\/?page_id=341"},"modified":"2018-08-15T13:48:18","modified_gmt":"2018-08-15T11:48:18","slug":"informations-sur-la-loi-de-la-protection-des-personnes-prostituees","status":"publish","type":"page","link":"http:\/\/invia-streetwork.de\/fr\/","title":{"rendered":"Contenu essentiel de la loi sur la protection des personnes prostitu\u00e9es"},"content":{"rendered":"<p>La loi sur les personnes prostitu\u00e9es est entr\u00e9e en vigueur en date du 1<sup>er <\/sup>juillet 2017.<br \/>\nElle contient en r\u00e9sum\u00e9 les points principaux suivants: obligation de d\u00e9claration pour les presta\u00adtaires de services sexuels devant s&rsquo;effectuer en relation avec une consultation sanitaire, une obli\u00adgation d&rsquo;un \u00e9tablissement de prostitution, une utilisation obligatoire de pr\u00e9servatif et une inter\u00addiction de publicit\u00e9.<\/p>\n<ol>\n<li>Toute personne voulant exercer une activit\u00e9 de prestations de services sexuels doit d\u00e9cla\u00acrer personnellement le d\u00e9but de son activit\u00e9 aupr\u00e8s de l\u2019autorit\u00e9 comp\u00e9tente du lieu o\u00f9 la personne exercera principalement son activit\u00e9. Avant de proc\u00e9der \u00e0 cette d\u00e9claration, la personne devra se rendre \u00e0 une consultation sanitaire qui sera men\u00e9e par l\u2019autorit\u00e9 sani\u00actaire responsable du Land. La d\u00e9claration peut s\u2019effectuer aupr\u00e8s d\u2019un autre Land qui sera \u00e9galement d\u00e9sign\u00e9 par l\u2019autorit\u00e9. Un entretien de conseil et d&rsquo;information devra pr\u00e9\u00acc\u00e9der la remise du certificat de d\u00e9claration.<\/li>\n<li>Toute personne voulant exploiter un \u00e9tablissement de prostitution doit \u00eatre en possession d\u2019une autorisation d\u00e9livr\u00e9e par les autorit\u00e9s comp\u00e9tentes. En vue de l\u2019autorisation, l\u2019au\u00actorit\u00e9 v\u00e9rifie si la personne poss\u00e8de la fiabilit\u00e9 n\u00e9cessaire pour diriger un tel \u00e9tablisse\u00acment et un concept commercial devra \u00eatre pr\u00e9sent\u00e9 pour que l&rsquo;autorit\u00e9 comp\u00e9tente puisse d\u00e9livrer cette autorisation. Une autorisation peut se limiter \u00e0 certains points et \u00eatre li\u00e9e \u00e0 des obligations. Tout \u00e9tablissement de prostitution doit remplir plusieurs exigences l\u00e9\u00acgales minimales (Loi sur les personnes prostitu\u00e9es &#8211; ProstSchG).<\/li>\n<li>Les clients et clientes des personnes prostitu\u00e9es ont \u00e0 charge d\u2019utiliser un pr\u00e9servatif lors de toute relation sexuelle. Les responsables d\u2019\u00e9tablissement de prostitution doivent si\u00acgnaler l\u2019obligation d\u2019utiliser un pr\u00e9servatif par un affichage bien \u00e0 la vue du public.<\/li>\n<li>Toute publicit\u00e9 appelant \u00e0 avoir des rapports sexuels sans pr\u00e9servatif ou avec des femmes enceintes, m\u00eame de mani\u00e8re dissimul\u00e9e dans le langage, est interdite.<\/li>\n<\/ol>\n","protected":false},"excerpt":{"rendered":"<p>La loi sur les personnes prostitu\u00e9es est entr\u00e9e en vigueur en date du 1er juillet 2017. Elle contient en r\u00e9sum\u00e9 les points principaux suivants: obligation de d\u00e9claration pour les presta\u00adtaires&hellip; <a class=\"excerpt-more-link\" href=\"http:\/\/invia-streetwork.de\/fr\/\">Read More<\/a><\/p>\n","protected":false},"author":6,"featured_media":0,"parent":0,"menu_order":0,"comment_status":"closed","ping_status":"closed","template":"page-templates\/sprachen.php","meta":{"footnotes":""},"class_list":["post-341","page","type-page","status-publish","hentry"],"_links":{"self":[{"href":"http:\/\/invia-streetwork.de\/fr\/wp-json\/wp\/v2\/pages\/341","targetHints":{"allow":["GET"]}}],"collection":[{"href":"http:\/\/invia-streetwork.de\/fr\/wp-json\/wp\/v2\/pages"}],"about":[{"href":"http:\/\/invia-streetwork.de\/fr\/wp-json\/wp\/v2\/types\/page"}],"author":[{"embeddable":true,"href":"http:\/\/invia-streetwork.de\/fr\/wp-json\/wp\/v2\/users\/6"}],"replies":[{"embeddable":true,"href":"http:\/\/invia-streetwork.de\/fr\/wp-json\/wp\/v2\/comments?post=341"}],"version-history":[{"count":2,"href":"http:\/\/invia-streetwork.de\/fr\/wp-json\/wp\/v2\/pages\/341\/revisions"}],"predecessor-version":[{"id":529,"href":"http:\/\/invia-streetwork.de\/fr\/wp-json\/wp\/v2\/pages\/341\/revisions\/529"}],"wp:attachment":[{"href":"http:\/\/invia-streetwork.de\/fr\/wp-json\/wp\/v2\/media?parent=341"}],"curies":[{"name":"wp","href":"https:\/\/api.w.org\/{rel}","templated":true}]}}