{"id":358,"date":"2018-02-28T10:39:13","date_gmt":"2018-02-28T09:39:13","guid":{"rendered":"http:\/\/invia-streetwork.de\/?page_id=358"},"modified":"2018-02-28T10:39:13","modified_gmt":"2018-02-28T09:39:13","slug":"informaciok-a-prostitualtak-vedelmerol-szolo-toervennyel-kapcsolatban","status":"publish","type":"page","link":"http:\/\/invia-streetwork.de\/hu\/","title":{"rendered":"Inform\u00e1ci\u00f3k a prostitu\u00e1ltak v\u00e9delm\u00e9r\u0151l sz\u00f3l\u00f3 t\u00f6rv\u00e9nnyel kapcsolatban"},"content":{"rendered":"<p>A prostitu\u00e1ltak v\u00e9delm\u00e9r\u0151l sz\u00f3l\u00f3 t\u00f6rv\u00e9ny 2017. J\u00falius 1-j\u00e9vel l\u00e9pett hat\u00e1lyba \u00e9s \u00f6sszefoglalva a k\u00f6vetkez\u0151 f\u0151bb pontokat tartalmazza: eg\u00e9szs\u00e9g\u00fcgyi tan\u00e1csad\u00e1ssal egybek\u00f6t\u00f6tt regisztr\u00e1ci\u00f3s\/bejelentkez\u00e9si k\u00f6telezetts\u00e9g a szexmunk\u00e1sok sz\u00e1m\u00e1ra, enged\u00e9lyeztet\u00e9si k\u00f6telezetts\u00e9g a prostitu\u00e1ltakat fogllkoztat\u00f3 c\u00e9gek sz\u00e1m\u00e1ra, \u00f3vszer haszn\u00e1lati k\u00f6telezetts\u00e9g \u00e9s rekl\u00e1moz\u00e1si tilalom.<\/p>\n<ol>\n<li>Aki szexmunk\u00e1sk\u00e9nt szeretne munk\u00e1t v\u00e1llalni, k\u00f6teles azt a munka megkezd\u00e9se el\u0151tt szem\u00e9lyesen a munkav\u00e9gz\u00e9s helye szerinti illet\u00e9kes hat\u00f3s\u00e1gn\u00e1l bejelenteni. A bejelentkez\u00e9s el\u0151tt az adott szem\u00e9lynek k\u00f6telez\u0151en r\u00e9szt kell vennie, egy a tartom\u00e1ny \u00e1ltal kijel\u00f6lt eg\u00e9szs\u00e9g\u00fcgyi hat\u00f3s\u00e1gn\u00e1l tartand\u00f3 eg\u00e9szs\u00e9g\u00fcgyi tan\u00e1csad\u00e1son. A bejelentkez\u00e9s szint\u00e9n egy a tartom\u00e1ny \u00e1ltal kijel\u00f6lt hat\u00f3s\u00e1gn\u00e1l t\u00f6rt\u00e9nik \u00e9s a bejelentkez\u00e9si igazol\u00e1s k\u00e9zhez v\u00e9tele el\u0151tt mag\u00e1ban foglal egy inform\u00e1ci\u00f3s besz\u00e9lget\u00e9st \u00e9s tan\u00e1csad\u00e1st.<\/li>\n<li>Ahhoz, hogy valaki egy prostitu\u00e1ltakat foglalkoztat\u00f3 c\u00e9get vezethessen, az illet\u00e9kes hat\u00f3s\u00e1gokkal azt enged\u00e9lyeztetnie kell. Ezzel \u00f6sszef\u00fcgg\u00e9sben az illet\u00e9kes hat\u00f3s\u00e1g megvizsg\u00e1lja az \u00fczemeltet\u0151 megb\u00edzhat\u00f3s\u00e1g\u00e1t, valamint a hat\u00f3s\u00e1ggal j\u00f3v\u00e1 kell hagyattatni a m\u0171k\u00f6d\u00e9si tervet. Az enged\u00e9ly lehet korl\u00e1tozott vagy egy\u00e9b felt\u00e9telekhez k\u00f6t\u00f6tt. A prostitu\u00e1ltakat foglalkoztat\u00f3 c\u00e9geknek a prostitu\u00e1ltak v\u00e9delm\u00e9r\u0151l sz\u00f3l\u00f3 t\u00f6rv\u00e9ny \u00e9rtelm\u00e9ben k\u00fcl\u00f6nf\u00e9le minimumszab\u00e1lyoknak meg kell felelni\u00fck.<\/li>\n<li>A szexmunk\u00e1sok vend\u00e9gei k\u00f6telesek gondoskodni a k\u00f6z\u00f6s\u00fcl\u00e9s alkalm\u00e1val az \u00f3vszer haszn\u00e1latr\u00f3l. A prostitu\u00e1ltakat foglalkoztat\u00f3 c\u00e9g \u00fczemeltet\u0151inek k\u00f6teless\u00e9g\u00fck egy j\u00f3l l\u00e1that\u00f3 plak\u00e1ton az \u00f3vszer haszn\u00e1lati k\u00f6telezetts\u00e9gr\u0151l t\u00e1j\u00e9koztat\u00e1st adni.<\/li>\n<li>Az \u00f3vszer n\u00e9lk\u00fcli k\u00f6z\u00f6s\u00fcl\u00e9st, valamint a terhes szem\u00e9lyekkel val\u00f3 k\u00f6z\u00f6s\u00fcl\u00e9st rekl\u00e1mozni m\u00e9g abban az esetben is tilos, ha az burkolt form\u00e1ban t\u00f6rt\u00e9nik.<\/li>\n<\/ol>\n","protected":false},"excerpt":{"rendered":"<p>A prostitu\u00e1ltak v\u00e9delm\u00e9r\u0151l sz\u00f3l\u00f3 t\u00f6rv\u00e9ny 2017. J\u00falius 1-j\u00e9vel l\u00e9pett hat\u00e1lyba \u00e9s \u00f6sszefoglalva a k\u00f6vetkez\u0151 f\u0151bb pontokat tartalmazza: eg\u00e9szs\u00e9g\u00fcgyi tan\u00e1csad\u00e1ssal egybek\u00f6t\u00f6tt regisztr\u00e1ci\u00f3s\/bejelentkez\u00e9si k\u00f6telezetts\u00e9g a szexmunk\u00e1sok sz\u00e1m\u00e1ra, enged\u00e9lyeztet\u00e9si k\u00f6telezetts\u00e9g a prostitu\u00e1ltakat fogllkoztat\u00f3&hellip; <a class=\"excerpt-more-link\" href=\"http:\/\/invia-streetwork.de\/hu\/\">Read More<\/a><\/p>\n","protected":false},"author":6,"featured_media":0,"parent":0,"menu_order":0,"comment_status":"closed","ping_status":"closed","template":"page-templates\/sprachen.php","meta":{"footnotes":""},"class_list":["post-358","page","type-page","status-publish","hentry"],"_links":{"self":[{"href":"http:\/\/invia-streetwork.de\/hu\/wp-json\/wp\/v2\/pages\/358","targetHints":{"allow":["GET"]}}],"collection":[{"href":"http:\/\/invia-streetwork.de\/hu\/wp-json\/wp\/v2\/pages"}],"about":[{"href":"http:\/\/invia-streetwork.de\/hu\/wp-json\/wp\/v2\/types\/page"}],"author":[{"embeddable":true,"href":"http:\/\/invia-streetwork.de\/hu\/wp-json\/wp\/v2\/users\/6"}],"replies":[{"embeddable":true,"href":"http:\/\/invia-streetwork.de\/hu\/wp-json\/wp\/v2\/comments?post=358"}],"version-history":[{"count":1,"href":"http:\/\/invia-streetwork.de\/hu\/wp-json\/wp\/v2\/pages\/358\/revisions"}],"predecessor-version":[{"id":359,"href":"http:\/\/invia-streetwork.de\/hu\/wp-json\/wp\/v2\/pages\/358\/revisions\/359"}],"wp:attachment":[{"href":"http:\/\/invia-streetwork.de\/hu\/wp-json\/wp\/v2\/media?parent=358"}],"curies":[{"name":"wp","href":"https:\/\/api.w.org\/{rel}","templated":true}]}}