{"id":360,"date":"2018-02-28T10:48:59","date_gmt":"2018-02-28T09:48:59","guid":{"rendered":"http:\/\/invia-streetwork.de\/?page_id=360"},"modified":"2022-01-10T10:58:14","modified_gmt":"2022-01-10T09:58:14","slug":"szexmunkasoknak-szolo-informaciok-a-prostitualtak-vedelmerol-szolo-toervennyel-kapcsolatban-brandenburg-tartomanyban","status":"publish","type":"page","link":"http:\/\/invia-streetwork.de\/hu\/szexmunkasoknak-szolo-informaciok-a-prostitualtak-vedelmerol-szolo-toervennyel-kapcsolatban-brandenburg-tartomanyban\/","title":{"rendered":"Szexmunk\u00e1soknak sz\u00f3l\u00f3 inform\u00e1ci\u00f3k a prostitu\u00e1ltak v\u00e9delm\u00e9r\u0151l sz\u00f3l\u00f3 t\u00f6rv\u00e9nnyel kapcsolatban Brandenburg tartom\u00e1nyban"},"content":{"rendered":"<blockquote><p><span style=\"color: #3366ff;\"><strong>Mi v\u00e9d meg a Coron\u00e1t\u00f3l?<\/strong><\/span><\/p>\n<p><a href=\"http:\/\/invia-streetwork.de\/wp-content\/uploads\/2022\/01\/Flyer_Impfkampagne_HU.pdf\"><span style=\"color: #3366ff;\">Flyer_Impfkampagne_HU<\/span><\/a><\/p><\/blockquote>\n<p>2017. j\u00falius elseje \u00f3ta van \u00e9rv\u00e9nyben a prostitu\u00e1ltak v\u00e9delm\u00e9r\u0151l sz\u00f3l\u00f3 t\u00f6rv\u00e9ny (ProstSchG) N\u00e9mtorsz\u00e1gban. A regisztr\u00e1ci\u00f3t az els\u0151dleges munkav\u00e9gz\u00e9si helyen kell elv\u00e9gezni.<\/p>\n<h2>Legfontosabb tudnival\u00f3k<\/h2>\n<h3>1. Regisztr\u00e1ci\u00f3\/bejelentkez\u00e9s:<\/h3>\n<ul>\n<li>eg\u00e9szs\u00e9g\u00fcgyi tan\u00e1csad\u00e1s a helyi (bejelentkez\u00e9si helyen lev\u0151) tisztiorvosi hivatlban (Gesundheitsamt)<\/li>\n<li>Inform\u00e1ci\u00f3s besz\u00e9lget\u00e9s \u00e9s tan\u00e1csad\u00e1s az illet\u00e9kes hivataln\u00e1l<br \/>\nAz illet\u00e9kes hivatal csak ezek ut\u00e1n tudja a bejelentkez\u00e9si igazol\u00e1st ki\u00e1ll\u00edtani.<\/li>\n<\/ul>\n<h2>2. A bejelentkez\u00e9si igazol\u00e1st \u00e9s az eg\u00e9szs\u00e9g\u00fcgyi tan\u00e1csad\u00e1sr\u00f3l sz\u00f3l\u00f3 igazol\u00e1st munka k\u00f6zben mindenkinek mag\u00e1n\u00e1l kell tartania!<\/h2>\n<h3>3. A regisztr\u00e1ci\u00f3t\/bejelentkez\u00e9st (eg\u00e9szs\u00e9g\u00fcgyi tan\u00e1csad\u00e1st, illetve az inform\u00e1ci\u00f3s besz\u00e9lget\u00e9st \u00e9s tan\u00e1csad\u00e1st) rendszeresen meg kell ism\u00e9telni:<\/h3>\n<ul>\n<li><strong>18 \u00e9s 21 \u00e9ves kor k\u00f6z\u00f6tt:<\/strong><br \/>\naz inform\u00e1ci\u00f3s besz\u00e9lget\u00e9ssel \u00e9s tan\u00e1csad\u00e1ssal egybek\u00f6t\u00f6tt regisztr\u00e1ci\u00f3t\/bejelentkez\u00e9st \u2013 12 havonta<br \/>\naz eg\u00e9szs\u00e9g\u00fcgyi tan\u00e1csad\u00e1st \u2013 6 havonta<\/li>\n<li><strong>21 \u00e9ves kor f\u00f6l\u00f6tt:<\/strong><br \/>\naz inform\u00e1ci\u00f3s besz\u00e9lget\u00e9ssel \u00e9s tan\u00e1csad\u00e1ssal egybek\u00f6t\u00f6tt regisztr\u00e1ci\u00f3t\/bejelentkez\u00e9st \u2013 2 \u00e9vente<br \/>\naz eg\u00e9szs\u00e9g\u00fcgyi tan\u00e1csad\u00e1st \u2013 12 havonta<\/li>\n<\/ul>\n<hr \/>\n<h2>A bejelentkez\u00e9shez\/regisztr\u00e1ci\u00f3hoz a k\u00f6vetkez\u0151 dolgok sz\u00fcks\u00e9gesek<\/h2>\n<ul>\n<li>igazol\u00e1s az eg\u00e9szs\u00e9g\u00fcgyi tan\u00e1csad\u00e1sr\u00f3l (3 h\u00f3napn\u00e1l nem r\u00e9gebbi)<\/li>\n<li>\u00e9rv\u00e9nyes szem\u00e9lyi okm\u00e1nyok<\/li>\n<li>tart\u00f3zkod\u00e1si enged\u00e9ly \u00e9s munkav\u00e1llal\u00e1si enged\u00e9ly (nem EU-s \u00e1llampolg\u00e1rok r\u00e9sz\u00e9re)<\/li>\n<li>lakc\u00edmbejelent\u0151 vagy k\u00e9zbes\u00edt\u00e9si c\u00edm (N\u00e9metorsz\u00e1gban)<\/li>\n<li>2db igazolv\u00e1nyk\u00e9p<\/li>\n<li>tartom\u00e1ny vagy telep\u00fcl\u00e9s megnevez\u00e9se, ahol dolgozni tervez<\/li>\n<\/ul>\n<p>Amennyiben az \u00f6sszes dokumentumot bemutatja, az illet\u00e9kes hat\u00f3s\u00e1gnak 5 munkanapon bel\u00fcl ki kell \u00e1ll\u00edtania a bejelentkez\u00e9si igazol\u00e1st!<\/p>\n<hr \/>\n<h2>\u00c1lszem\u00e9lyazonoss\u00e1gi igazol\u00e1s<\/h2>\n<p>K\u00fcl\u00f6n k\u00e9r\u00e9sre ki\u00e1ll\u00edttathat\u00f3 fant\u00e1zian\u00e9vre, illetve munkan\u00e9vre. Minden egy\u00e9b adat ugyan\u00fagy szerepel rajta, mint a bejelentkez\u00e9si igazol\u00e1son.<\/p>\n<hr \/>\n<h2>A k\u00f6vetkez\u0151 adatok szerepelnek a bejelentkez\u00e9si igazol\u00e1son<\/h2>\n<ul>\n<li>el\u0151- \u00e9s ut\u00f3n\u00e9v, illetve munk\u00e1hoz haszn\u00e1lt n\u00e9v (amennyiben van \u00e1lszem\u00e9lyazonoss\u00e1gi igazol\u00e1s)<\/li>\n<li>sz\u00fclet\u00e9si hely \u00e9s id\u0151<\/li>\n<li>\u00e1llampolg\u00e1rs\u00e1g<\/li>\n<li>az igazol\u00e1s \u00e9rv\u00e9nyess\u00e9gi ideje, valamint a ki\u00e1ll\u00edt\u00f3 hat\u00f3s\u00e1g<\/li>\n<li>tartom\u00e1ny vagy telep\u00fcl\u00e9s, ahol dolgozni tervez<\/li>\n<li>egy igazolv\u00e1nyk\u00e9p<\/li>\n<\/ul>\n<p><strong>A BEJELENTKEZ\u00c9SI IGAZOL\u00c1ST VAGY AZ \u00c1LSZEM\u00c9LYAZONOSS\u00c1GI IGAZOL\u00c1ST, VALAMINT AZ EG\u00c9SZS\u00c9G\u00dcGYI TAN\u00c1CSAD\u00c1SR\u00d3L SZ\u00d3L\u00d3 IGAZOL\u00c1ST MUNKA K\u00d6ZBEN MINDENKINEK MAG\u00c1N\u00c1L KELL TARTANIA.<\/strong><\/p>\n<p>Minden v\u00e1ltoz\u00e1st a bejelentkez\u00e9si adatokkal \u00e9s a munkav\u00e9gz\u00e9s hely\u00e9vel kapcsolatban 14 napon bel\u00fcl jelenteni kell az illet\u00e9kes hat\u00f3s\u00e1gokn\u00e1l.<\/p>\n<hr \/>\n<h2>A bejelentkez\u00e9si- vagy \u00e1lszem\u00e9lyazonoss\u00e1gi igazol\u00e1s ir\u00e1nti k\u00e9relem elutas\u00edt\u00e1sa<\/h2>\n<p>A bejelentkez\u00e9s\/regisztr\u00e1ci\u00f3 elutas\u00edt\u00e1sra ker\u00fcl kiskor\u00faak eset\u00e9n, valamint 18 \u00e9s 21 \u00e9ves kor k\u00f6z\u00f6tt abban az esetben, ha egy m\u00e1sik szem\u00e9ly hat\u00e1s\u00e1ra kezdenek szexmunk\u00e1ba, vagy olyan szem\u00e9lyek eset\u00e9ben, akik nagy m\u00e9rt\u00e9kben m\u00e1s szem\u00e9lyek \u00e1ltal ir\u00e1ny\u00edtottan dolgoznak.<br \/>\nA bejelentkez\u00e9s\/regisztr\u00e1ci\u00f3 szint\u00e9n elutas\u00edts\u00e1ra ker\u00fcl terhes n\u0151kn\u00e9l 6 h\u00e9ttel a sz\u00fcl\u00e9s id\u0151pontja el\u0151tt, valamint azon szexmunk\u00e1sok eset\u00e9ben, akik a bejelentkez\u00e9si igazol\u00e1shoz nem ny\u00fajtott\u00e1k be az \u00f6sszes sz\u00fcks\u00e9ges dokumentumot.<\/p>\n<hr \/>\n<h2>\u00d3vszerhaszn\u00e1lati k\u00f6telezetts\u00e9g<\/h2>\n<p>\u00d3vszerhaszn\u00e1lati k\u00f6telezetts\u00e9g van \u00e9rv\u00e9nyben. Ennek be nem tart\u00e1sa eset\u00e9n az \u00fcgyfeleket s\u00falyos p\u00e9nzb\u00fcntet\u00e9ssel s\u00falythatj\u00e1k.<\/p>\n<hr \/>\n<h2>Az \u00fczemeltet\u0151knek a hat\u00f3s\u00e1gokkal szemben t\u00f6bbek k\u00f6z\u00f6tt a k\u00f6vetkez\u0151 k\u00f6telezetts\u00e9geknek kell eleget tenni\u00fck<\/h2>\n<ul>\n<li>az \u00fczemeltet\u0151 k\u00f6teles ellen\u0151rizni, hogy az \u00e1ltala \u00fczemeltetett helyen csak bejelentkez\u00e9si igazol\u00e1ssal rendelkez\u0151 szem\u00e9lyek dolgoznak (k\u00f6telesek csak olyan szem\u00e9lyeknek enged\u00e9lyezni az \u00e1ltaluk \u00fczemeltetett c\u00e9gn\u00e9l a munkafelv\u00e9telt, akik rendelkeznek bejelentkez\u00e9si igazol\u00e1ssal)<\/li>\n<li>az al\u00e1bbi adatokat 2 \u00e9vig meg kell \u0151rizni\u00fck:<br \/>\nel\u0151- \u00e9s ut\u00f3n\u00e9v, valamint munkan\u00e9v<\/p>\n<ul>\n<li>a bejelentkez\u00e9si igazol\u00e1s \u00e9rv\u00e9nyess\u00e9gi ideje, valamint a ki\u00e1ll\u00edt\u00f3 hat\u00f3s\u00e1g<\/li>\n<li>az eg\u00e9szs\u00e9g\u00fcgyi tan\u00e1csad\u00e1sr\u00f3l sz\u00f3l\u00f3 igazol\u00e1s<\/li>\n<li>a szexmunk\u00e1s munkanapjai<\/li>\n<\/ul>\n<\/li>\n<\/ul>\n<hr \/>\n<h2>Az \u00fczemeltet\u0151knek a szexmunk\u00e1sokkal szemben bizonyos k\u00f6telezetts\u00e9geknek eleget kell tenni\u00fck<\/h2>\n<ul>\n<li>a munka felv\u00e9tele el\u0151tt meg\u00e1llapod\u00e1st kell k\u00f6tni\u00fck<\/li>\n<li>a meg\u00e1llapod\u00e1st, valamint a az igazol\u00e1sokat\/sz\u00e1ml\u00e1kat a bej\u00f6v\u0151 fizet\u00e9sekr\u0151l a rendelkez\u00e9s\u00fckre kell bocs\u00e1taniuk<\/li>\n<li>a m\u0171k\u00f6d\u00e9si tervet\/rendezv\u00e9ny tervet el\u00e9rhet\u0151v\u00e9 kell tenni a szexmunk\u00e1sok sz\u00e1m\u00e1ra<\/li>\n<li>az \u00fczemeltet\u0151 k\u00f6teles minden esetben enged\u00e9lyezni a munk\u00e1t\u00f3l val\u00f3 t\u00e1volmarad\u00e1st a szexmunk\u00e1sok sz\u00e1m\u00e1ra, amennyiben \u0151k orvosi vizsg\u00e1laton, vagy tan\u00e1csad\u00e1si szolg\u00e1ltat\u00e1son k\u00edv\u00e1nnak r\u00e9szt venni (tan\u00e1csad\u00f3 irod\u00e1ban \u00e9s hivatalokn\u00e1l)<\/li>\n<\/ul>\n<hr \/>\n<h2>Adatv\u00e9delem<\/h2>\n<p>Az eg\u00e9szs\u00e9g\u00fcgyi tan\u00e1csad\u00e1son \u00e9s az inform\u00e1ci\u00f3s besz\u00e9lget\u00e9sen elhangzottakat a szexmunk\u00e1s beleegyez\u00e9se n\u00e9lk\u00fcl nem lehet tov\u00e1bbadni.<\/p>\n<p>A bejelentkez\u00e9si igazol\u00e1sr\u00f3l a szem\u00e9lyes adatok a helyi ad\u00f3hat\u00f3s\u00e1g \u00e9s a tervezett munkav\u00e9gz\u00e9s szerinti tartom\u00e1ny vagy telep\u00fcl\u00e9s fel\u00e9 tov\u00e1bb\u00edt\u00e1sra ker\u00fclnek.<br \/>\nCsak\u00fagy, mint kor\u00e1bban a szexmunka ad\u00f3k\u00f6teles tev\u00e9kenys\u00e9g.<\/p>\n","protected":false},"excerpt":{"rendered":"<p>Mi v\u00e9d meg a Coron\u00e1t\u00f3l? Flyer_Impfkampagne_HU 2017. j\u00falius elseje \u00f3ta van \u00e9rv\u00e9nyben a prostitu\u00e1ltak v\u00e9delm\u00e9r\u0151l sz\u00f3l\u00f3 t\u00f6rv\u00e9ny (ProstSchG) N\u00e9mtorsz\u00e1gban. A regisztr\u00e1ci\u00f3t az els\u0151dleges munkav\u00e9gz\u00e9si helyen kell elv\u00e9gezni. Legfontosabb tudnival\u00f3k 1.&hellip; <a class=\"excerpt-more-link\" href=\"http:\/\/invia-streetwork.de\/hu\/szexmunkasoknak-szolo-informaciok-a-prostitualtak-vedelmerol-szolo-toervennyel-kapcsolatban-brandenburg-tartomanyban\/\">Read More<\/a><\/p>\n","protected":false},"author":6,"featured_media":0,"parent":0,"menu_order":10,"comment_status":"closed","ping_status":"closed","template":"page-templates\/sprachen.php","meta":{"footnotes":""},"class_list":["post-360","page","type-page","status-publish","hentry"],"_links":{"self":[{"href":"http:\/\/invia-streetwork.de\/hu\/wp-json\/wp\/v2\/pages\/360","targetHints":{"allow":["GET"]}}],"collection":[{"href":"http:\/\/invia-streetwork.de\/hu\/wp-json\/wp\/v2\/pages"}],"about":[{"href":"http:\/\/invia-streetwork.de\/hu\/wp-json\/wp\/v2\/types\/page"}],"author":[{"embeddable":true,"href":"http:\/\/invia-streetwork.de\/hu\/wp-json\/wp\/v2\/users\/6"}],"replies":[{"embeddable":true,"href":"http:\/\/invia-streetwork.de\/hu\/wp-json\/wp\/v2\/comments?post=360"}],"version-history":[{"count":2,"href":"http:\/\/invia-streetwork.de\/hu\/wp-json\/wp\/v2\/pages\/360\/revisions"}],"predecessor-version":[{"id":661,"href":"http:\/\/invia-streetwork.de\/hu\/wp-json\/wp\/v2\/pages\/360\/revisions\/661"}],"wp:attachment":[{"href":"http:\/\/invia-streetwork.de\/hu\/wp-json\/wp\/v2\/media?parent=360"}],"curies":[{"name":"wp","href":"https:\/\/api.w.org\/{rel}","templated":true}]}}