{"id":362,"date":"2018-02-28T10:50:59","date_gmt":"2018-02-28T09:50:59","guid":{"rendered":"http:\/\/invia-streetwork.de\/?page_id=362"},"modified":"2018-02-28T10:50:59","modified_gmt":"2018-02-28T09:50:59","slug":"az-illetekes-hatosagok-cimei","status":"publish","type":"page","link":"http:\/\/invia-streetwork.de\/hu\/az-illetekes-hatosagok-cimei\/","title":{"rendered":"Az illet\u00e9kes hat\u00f3s\u00e1gok c\u00edmei"},"content":{"rendered":"","protected":false},"excerpt":{"rendered":"","protected":false},"author":6,"featured_media":0,"parent":0,"menu_order":20,"comment_status":"closed","ping_status":"closed","template":"page-templates\/sprachen.php","meta":{"footnotes":""},"class_list":["post-362","page","type-page","status-publish","hentry"],"_links":{"self":[{"href":"http:\/\/invia-streetwork.de\/hu\/wp-json\/wp\/v2\/pages\/362","targetHints":{"allow":["GET"]}}],"collection":[{"href":"http:\/\/invia-streetwork.de\/hu\/wp-json\/wp\/v2\/pages"}],"about":[{"href":"http:\/\/invia-streetwork.de\/hu\/wp-json\/wp\/v2\/types\/page"}],"author":[{"embeddable":true,"href":"http:\/\/invia-streetwork.de\/hu\/wp-json\/wp\/v2\/users\/6"}],"replies":[{"embeddable":true,"href":"http:\/\/invia-streetwork.de\/hu\/wp-json\/wp\/v2\/comments?post=362"}],"version-history":[{"count":1,"href":"http:\/\/invia-streetwork.de\/hu\/wp-json\/wp\/v2\/pages\/362\/revisions"}],"predecessor-version":[{"id":363,"href":"http:\/\/invia-streetwork.de\/hu\/wp-json\/wp\/v2\/pages\/362\/revisions\/363"}],"wp:attachment":[{"href":"http:\/\/invia-streetwork.de\/hu\/wp-json\/wp\/v2\/media?parent=362"}],"curies":[{"name":"wp","href":"https:\/\/api.w.org\/{rel}","templated":true}]}}