{"id":364,"date":"2018-02-28T10:51:21","date_gmt":"2018-02-28T09:51:21","guid":{"rendered":"http:\/\/invia-streetwork.de\/?page_id=364"},"modified":"2018-03-01T10:42:18","modified_gmt":"2018-03-01T09:42:18","slug":"tanacsado-iroda","status":"publish","type":"page","link":"http:\/\/invia-streetwork.de\/hu\/tanacsado-iroda\/","title":{"rendered":"Tan\u00e1csad\u00f3 iroda"},"content":{"rendered":"<h2>IN VIA Streetwork<\/h2>\n<h3>Szexmunk\u00e1sok k\u00f6r\u00e9ben v\u00e9gzett felkeres\u0151 munka \u00e9s tan\u00e1csad\u00e1s<\/h3>\n<p><strong>Tan\u00e1csad\u00e1s a k\u00f6vetkez\u0151 t\u00e9m\u00e1kban:<\/strong><\/p>\n<ul>\n<li>ProstSchG<\/li>\n<li>Az ellen\u0151rz\u00e9skor t\u00f6rt\u00e9n\u0151 viselked\u00e9sr\u0151l<\/li>\n<li>Ad\u00f3z\u00e1ssal kapcsolatban<\/li>\n<li>HIV\/AIDS \u00e9s egy\u00e9b szexu\u00e1lis \u00faton terjed\u0151 betegs\u00e9gekr\u0151l<\/li>\n<li>Fogamz\u00e1sg\u00e1tl\u00e1sr\u00f3l<\/li>\n<li>Betegbiztos\u00edt\u00e1sr\u00f3l<\/li>\n<li>Tart\u00f3zkod\u00e1si- \u00e9s munkav\u00e1llal\u00e1si enged\u00e9lyr\u0151l N\u00e9metorsz\u00e1gban<\/li>\n<\/ul>\n<p><strong>Seg\u00edts\u00e9gny\u00fajt\u00e1s \u00e9s tan\u00e1csad\u00e1s kisz\u00e1ll\u00e1s\/munkav\u00e1lt\u00e1s eset\u00e9n<\/strong><\/p>\n<p><strong>Orvosi vizsg\u00e1latok szexmunk\u00e1soknak:<\/strong><\/p>\n<ul>\n<li>HIV, Hepatitis A+B+C, Klam\u00eddia, Szifilisz, Tripper<\/li>\n<li>Terhess\u00e9gi teszt<\/li>\n<\/ul>\n<p><strong>Az \u00f6sszes lehet\u0151s\u00e9g ingyenesen \u00e9s n\u00e9vtelen\u00fcl vehet\u0151 ig\u00e9nybe!<\/strong><\/p>\n<div class=\"box blue-box\"> <strong>Tov\u00e1bbi inform\u00e1ci\u00f3t az al\u00e1bbi telefonsz\u00e1mokon kaphat:<br \/>\n<\/strong> +49 1636369437<br \/>\n+49 15787818900<\/div>\n","protected":false},"excerpt":{"rendered":"<p>IN VIA Streetwork Szexmunk\u00e1sok k\u00f6r\u00e9ben v\u00e9gzett felkeres\u0151 munka \u00e9s tan\u00e1csad\u00e1s Tan\u00e1csad\u00e1s a k\u00f6vetkez\u0151 t\u00e9m\u00e1kban: ProstSchG Az ellen\u0151rz\u00e9skor t\u00f6rt\u00e9n\u0151 viselked\u00e9sr\u0151l Ad\u00f3z\u00e1ssal kapcsolatban HIV\/AIDS \u00e9s egy\u00e9b szexu\u00e1lis \u00faton terjed\u0151 betegs\u00e9gekr\u0151l Fogamz\u00e1sg\u00e1tl\u00e1sr\u00f3l Betegbiztos\u00edt\u00e1sr\u00f3l&hellip; <a class=\"excerpt-more-link\" href=\"http:\/\/invia-streetwork.de\/hu\/tanacsado-iroda\/\">Read More<\/a><\/p>\n","protected":false},"author":6,"featured_media":0,"parent":0,"menu_order":30,"comment_status":"closed","ping_status":"closed","template":"page-templates\/sprachen.php","meta":{"footnotes":""},"class_list":["post-364","page","type-page","status-publish","hentry"],"_links":{"self":[{"href":"http:\/\/invia-streetwork.de\/hu\/wp-json\/wp\/v2\/pages\/364","targetHints":{"allow":["GET"]}}],"collection":[{"href":"http:\/\/invia-streetwork.de\/hu\/wp-json\/wp\/v2\/pages"}],"about":[{"href":"http:\/\/invia-streetwork.de\/hu\/wp-json\/wp\/v2\/types\/page"}],"author":[{"embeddable":true,"href":"http:\/\/invia-streetwork.de\/hu\/wp-json\/wp\/v2\/users\/6"}],"replies":[{"embeddable":true,"href":"http:\/\/invia-streetwork.de\/hu\/wp-json\/wp\/v2\/comments?post=364"}],"version-history":[{"count":4,"href":"http:\/\/invia-streetwork.de\/hu\/wp-json\/wp\/v2\/pages\/364\/revisions"}],"predecessor-version":[{"id":457,"href":"http:\/\/invia-streetwork.de\/hu\/wp-json\/wp\/v2\/pages\/364\/revisions\/457"}],"wp:attachment":[{"href":"http:\/\/invia-streetwork.de\/hu\/wp-json\/wp\/v2\/media?parent=364"}],"curies":[{"name":"wp","href":"https:\/\/api.w.org\/{rel}","templated":true}]}}