{"id":382,"date":"2018-02-28T11:05:54","date_gmt":"2018-02-28T10:05:54","guid":{"rendered":"http:\/\/invia-streetwork.de\/?page_id=382"},"modified":"2018-08-15T12:37:01","modified_gmt":"2018-08-15T10:37:01","slug":"informacje-dotyczace-ustawy-o-ochronie-osob-pracujacych-w-prostytucji","status":"publish","type":"page","link":"http:\/\/invia-streetwork.de\/pl\/","title":{"rendered":"Podstawowe elementy ustawy o ochronie os\u00f3b pracuj\u0105cych w prostytucji (ProstSchG)"},"content":{"rendered":"<p>Od 1 lipca 2017 obowi\u0105zuje w Niemczech nowa ustawa o ochronie os\u00f3b pracuj\u0105cych w prostytucji (ProstSchG). Do podstawowych tre\u015bci tej ustawy nale\u017c\u0105: obowi\u0105zkowa rejestracja dzia\u0142alno\u015bci \u015bci\u015ble zwi\u0105zana z konsultacj\u0105 medyczn\u0105, zezwolenie na prowadzenie dzia\u0142alno\u015bci gospodarczej w zakresie prostytucji, obowi\u0105zek stosowania prezerwatyw oraz zakaz reklamy.<\/p>\n<ol>\n<li>Osoba planuj\u0105ca prac\u0119 w prostytucji zobowi\u0105zana jest do zarejestrowania tej dzia\u0142alno\u015bci zawodowej we w\u0142a\u015bciwym urz\u0119dzie, na obszarze, kt\u00f3rego b\u0119dzie ta dzia\u0142alno\u015b\u0107 g\u0142\u00f3wnie prowadzona. Bezwzgl\u0119dnym warunkiem rejestracji dzia\u0142alno\u015bci w prostytucji jest konsultacja medyczna w wyznaczonym do tego celu urz\u0119dzie zdrowia. Rejestracja osoby pracuj\u0105cej w prostytucji jest mo\u017cliwa dopiero po zasi\u0105gni\u0119ciu konsulatacji medycznej. W czasie rejestracji urz\u0105d przeprowadzaj\u0105cy rejestracj\u0119 jest zobowi\u0105zany do przeprowadzenia<br \/>\nporadnictwa i udzielenia wszystkich informacji dotycz\u0105cych dzia\u0142alno\u015bci.<\/li>\n<li>Na prowadzenie dzia\u0142alno\u015bci gospodarczej w zakresie prostytucji koniecznym jest uzyskanie zezwolenia. Procedura zwi\u0105zana z wydaniem zezwolenia na prowadzenie tej dzia\u0142alno\u015bci obejmuje kontrol\u0119 przesz\u0142o\u015bci osoby staraj\u0105cej si\u0119 o zezwolenie i urz\u0119dowe zatwierdzenie przedstawionego planu dzia\u0142alno\u015bci. Zezwolenie na prowadzenie dzia\u0142alno\u015bci gospodarczej mo\u017ce by\u0107 warunkowo ob\u0142o\u017cone dodatkowymi wymogami. Ustawa okre\u015bla tak\u017ce \u015bci\u015ble minimalne wymogi zwi\u0105zane z prowadzeniem dzia\u0142alno\u015bci gospodarczej w zakresie prostytucji.<\/li>\n<li>Nowa ustawa wprowadza obowi\u0105zek stosowania prezerwatyw. Klienci korzystaj\u0105cy z us\u0142ug musz\u0105 stosowa\u0107 prezerwatywy. Zarz\u0105dcy obiekt\u00f3w oferujacych us\u0142ugi seksualne s\u0105 zobowi\u0105zani do umieszczania w widocznym miejscu informacji o obowi\u0105zku u\u017cywania prezerwatyw.<\/li>\n<li>Surowo zabroniona jest reklama us\u0142ug bez prezerwatyw, oraz us\u0142ug seksualnych z kobietami w ci\u0105\u017cy.<\/li>\n<\/ol>\n","protected":false},"excerpt":{"rendered":"<p>Od 1 lipca 2017 obowi\u0105zuje w Niemczech nowa ustawa o ochronie os\u00f3b pracuj\u0105cych w prostytucji (ProstSchG). Do podstawowych tre\u015bci tej ustawy nale\u017c\u0105: obowi\u0105zkowa rejestracja dzia\u0142alno\u015bci \u015bci\u015ble zwi\u0105zana z konsultacj\u0105 medyczn\u0105,&hellip; <a class=\"excerpt-more-link\" href=\"http:\/\/invia-streetwork.de\/pl\/\">Read More<\/a><\/p>\n","protected":false},"author":6,"featured_media":0,"parent":0,"menu_order":0,"comment_status":"closed","ping_status":"closed","template":"page-templates\/sprachen.php","meta":{"footnotes":""},"class_list":["post-382","page","type-page","status-publish","hentry"],"_links":{"self":[{"href":"http:\/\/invia-streetwork.de\/pl\/wp-json\/wp\/v2\/pages\/382","targetHints":{"allow":["GET"]}}],"collection":[{"href":"http:\/\/invia-streetwork.de\/pl\/wp-json\/wp\/v2\/pages"}],"about":[{"href":"http:\/\/invia-streetwork.de\/pl\/wp-json\/wp\/v2\/types\/page"}],"author":[{"embeddable":true,"href":"http:\/\/invia-streetwork.de\/pl\/wp-json\/wp\/v2\/users\/6"}],"replies":[{"embeddable":true,"href":"http:\/\/invia-streetwork.de\/pl\/wp-json\/wp\/v2\/comments?post=382"}],"version-history":[{"count":4,"href":"http:\/\/invia-streetwork.de\/pl\/wp-json\/wp\/v2\/pages\/382\/revisions"}],"predecessor-version":[{"id":518,"href":"http:\/\/invia-streetwork.de\/pl\/wp-json\/wp\/v2\/pages\/382\/revisions\/518"}],"wp:attachment":[{"href":"http:\/\/invia-streetwork.de\/pl\/wp-json\/wp\/v2\/media?parent=382"}],"curies":[{"name":"wp","href":"https:\/\/api.w.org\/{rel}","templated":true}]}}