{"id":386,"date":"2018-02-28T11:13:01","date_gmt":"2018-02-28T10:13:01","guid":{"rendered":"http:\/\/invia-streetwork.de\/?page_id=386"},"modified":"2018-02-28T11:13:01","modified_gmt":"2018-02-28T10:13:01","slug":"adresy-wlasciwych-urzedow","status":"publish","type":"page","link":"http:\/\/invia-streetwork.de\/pl\/adresy-wlasciwych-urzedow\/","title":{"rendered":"Adresy w\u0142a\u015bciwych urz\u0119d\u00f3w"},"content":{"rendered":"","protected":false},"excerpt":{"rendered":"","protected":false},"author":6,"featured_media":0,"parent":0,"menu_order":20,"comment_status":"closed","ping_status":"closed","template":"page-templates\/sprachen.php","meta":{"footnotes":""},"class_list":["post-386","page","type-page","status-publish","hentry"],"_links":{"self":[{"href":"http:\/\/invia-streetwork.de\/pl\/wp-json\/wp\/v2\/pages\/386","targetHints":{"allow":["GET"]}}],"collection":[{"href":"http:\/\/invia-streetwork.de\/pl\/wp-json\/wp\/v2\/pages"}],"about":[{"href":"http:\/\/invia-streetwork.de\/pl\/wp-json\/wp\/v2\/types\/page"}],"author":[{"embeddable":true,"href":"http:\/\/invia-streetwork.de\/pl\/wp-json\/wp\/v2\/users\/6"}],"replies":[{"embeddable":true,"href":"http:\/\/invia-streetwork.de\/pl\/wp-json\/wp\/v2\/comments?post=386"}],"version-history":[{"count":1,"href":"http:\/\/invia-streetwork.de\/pl\/wp-json\/wp\/v2\/pages\/386\/revisions"}],"predecessor-version":[{"id":387,"href":"http:\/\/invia-streetwork.de\/pl\/wp-json\/wp\/v2\/pages\/386\/revisions\/387"}],"wp:attachment":[{"href":"http:\/\/invia-streetwork.de\/pl\/wp-json\/wp\/v2\/media?parent=386"}],"curies":[{"name":"wp","href":"https:\/\/api.w.org\/{rel}","templated":true}]}}