{"id":388,"date":"2018-02-28T11:13:23","date_gmt":"2018-02-28T10:13:23","guid":{"rendered":"http:\/\/invia-streetwork.de\/?page_id=388"},"modified":"2018-03-01T10:43:31","modified_gmt":"2018-03-01T09:43:31","slug":"punkty-doradztwa-i-konsultacji","status":"publish","type":"page","link":"http:\/\/invia-streetwork.de\/pl\/punkty-doradztwa-i-konsultacji\/","title":{"rendered":"Punkty doradztwa i konsultacji"},"content":{"rendered":"<h2>IN VIA Streetwork<\/h2>\n<h3>PORADNIA DLA OSOB PRACUJ\u0104CYCH W PROSTYTUCJI<\/h3>\n<p><strong>Doradztwo w nast\u0119puj\u0105cych kwestiach:<\/strong><\/p>\n<ul>\n<li>ustawy o ochronie os\u00f3b pracuj\u0105cych w prostytucji (ProstSchG)<\/li>\n<li>Zachowanie w przypadku kontroli tozsamosci przez policje<\/li>\n<li>Podatki<\/li>\n<li>HIV\/AIDS oraz inne choroby przenoszone drog\u0105 p\u0142ciow\u0105<\/li>\n<li>Antykoncepcja<\/li>\n<li>Ubezpieczenie zdrowotne<\/li>\n<li>Zezwolenie na pobyt \/ prac\u0119 w Niemczech<\/li>\n<\/ul>\n<p><strong>Porada i pomoc dla osob, ktore chca wyjsc z prostytucji.<\/strong><\/p>\n<p><strong>Badania lekarskie dla pracuj\u0105cych w prostytucji<\/strong><\/p>\n<ul>\n<li>HIV, wirusowe zapalenie w\u0105troby (WZW) typu A, B i C, chlamydia, syfilis, rze\u017c\u0105czka (tryper)<\/li>\n<li>Testy ci\u0105\u017cowe<\/li>\n<\/ul>\n<p><strong>Wszystkie us\u0142ugi s\u0105 bezp\u0142atne i anonimowe!<\/strong><\/p>\n<div class=\"box blue-box\"> <strong>Wi\u0119cej informacji pod numerami telefonu:<br \/>\n<\/strong> +49 1636369437<br \/>\n+49 15787818900<\/div>\n","protected":false},"excerpt":{"rendered":"<p>IN VIA Streetwork PORADNIA DLA OSOB PRACUJ\u0104CYCH W PROSTYTUCJI Doradztwo w nast\u0119puj\u0105cych kwestiach: ustawy o ochronie os\u00f3b pracuj\u0105cych w prostytucji (ProstSchG) Zachowanie w przypadku kontroli tozsamosci przez policje Podatki HIV\/AIDS&hellip; <a class=\"excerpt-more-link\" href=\"http:\/\/invia-streetwork.de\/pl\/punkty-doradztwa-i-konsultacji\/\">Read More<\/a><\/p>\n","protected":false},"author":6,"featured_media":0,"parent":0,"menu_order":30,"comment_status":"closed","ping_status":"closed","template":"page-templates\/sprachen.php","meta":{"footnotes":""},"class_list":["post-388","page","type-page","status-publish","hentry"],"_links":{"self":[{"href":"http:\/\/invia-streetwork.de\/pl\/wp-json\/wp\/v2\/pages\/388","targetHints":{"allow":["GET"]}}],"collection":[{"href":"http:\/\/invia-streetwork.de\/pl\/wp-json\/wp\/v2\/pages"}],"about":[{"href":"http:\/\/invia-streetwork.de\/pl\/wp-json\/wp\/v2\/types\/page"}],"author":[{"embeddable":true,"href":"http:\/\/invia-streetwork.de\/pl\/wp-json\/wp\/v2\/users\/6"}],"replies":[{"embeddable":true,"href":"http:\/\/invia-streetwork.de\/pl\/wp-json\/wp\/v2\/comments?post=388"}],"version-history":[{"count":3,"href":"http:\/\/invia-streetwork.de\/pl\/wp-json\/wp\/v2\/pages\/388\/revisions"}],"predecessor-version":[{"id":458,"href":"http:\/\/invia-streetwork.de\/pl\/wp-json\/wp\/v2\/pages\/388\/revisions\/458"}],"wp:attachment":[{"href":"http:\/\/invia-streetwork.de\/pl\/wp-json\/wp\/v2\/media?parent=388"}],"curies":[{"name":"wp","href":"https:\/\/api.w.org\/{rel}","templated":true}]}}