{"id":370,"date":"2018-02-28T10:55:36","date_gmt":"2018-02-28T09:55:36","guid":{"rendered":"http:\/\/invia-streetwork.de\/?page_id=370"},"modified":"2018-08-15T13:35:37","modified_gmt":"2018-08-15T11:35:37","slug":"informatii-referitoare-la-legea-protectiei-prostituatelor-prostschg","status":"publish","type":"page","link":"http:\/\/invia-streetwork.de\/ro\/","title":{"rendered":"Elemente principale ale legii protec\u0163iei prostituatelor"},"content":{"rendered":"<p>Legea protec\u0163iei prostituatelor (ProstSchG) a intrat la data de 1.07.2017 \u00een vigoare \u015fi con\u0163ine pe scurt urm\u0103toarele puncte: obliga\u0163ia persoanelor care lucreaz\u0103 \u00een domeniul prostitu\u0163iei de a se \u00eenregistra, care este conectat\u0103 de consilierea medical\u0103, permisiunea de desf\u0103\u015furare a unei activit\u0103\u0163i comerciale \u00een domeniul prostitu\u0163iei, obliga\u0163ia folosirii prezervativului \u015fi interdic\u0163ia reclamei.<\/p>\n<ol>\n<li>Persoanele, care doresc s\u0103 lucreze \u00een domeniul prostitu\u0163iei, au obliga\u0163ia de a se \u00eenregistra la institu\u0163ia responsabil\u0103 pentru acest domeniu, \u00eenainte de a \u00eencepe munca. \u00cenainte de a se \u00eenregistra, persoana \u00een cauz\u0103 trebuie s\u0103 primeasc\u0103 o consiliere medical\u0103 la institu\u0163ia medical\u0103 numit\u0103 de landul respectiv. \u00cenregistrarea are de asemenea loc la o institu\u0163ie care este numit\u0103 de land. \u00cenainte de a primi adeverin\u0163a de \u00eenregistrare va avea loc o discu\u0163ie de informare \u015fi consiliere.<\/li>\n<li>Cine dore\u015fte s\u0103 conduc\u0103 o \u00eentreprindere cu activit\u0103te comercial\u0103 \u00een domeniul prostitu\u0163iei are nevoie de permisiune de la institu\u0163ia responsabil\u0103. \u00cen acest context va fi verificat\u0103 fiabilitatea persoanei respective \u015fi un concept de func\u0163ionare a \u00eentreprinderii trebuie aprobat de c\u0103tre aceasta institu\u0163ie. Un certificat de func\u0163ionare poate fi limitat din punct de vedere al con\u0163inutului sau poate fi restric\u0163ionat de anumite condi\u0163ii. \u00centreprinderile cu activitate comercial\u0103 \u00een domeniul prostitu\u0163iei trebuie s\u0103 \u00eendeplineasc\u0103, conform legii protec\u0163iei prostituatelor (ProstSchG), anumite cerin\u0163e minime.<\/li>\n<li>Clien\u0163ii \u015fi clientele persoanelor, care lucreaz\u0103 \u00een domeniul prostitu\u0163iei, sunt responsabili pentru folosirea prezervativului \u00een timpul actului sexual. Administratorii \u00eentreprinderilor cu activitate comercial\u0103 \u00een domeniul prostitu\u0163iei sunt obliga\u0163i s\u0103 indice \u00een mod vizibil obliga\u0163ia folosirii prezervativului \u00een spa\u0163iile de desf\u0103\u015furare a activit\u0103\u0163ii.<\/li>\n<li>Reclama pentru acte sexuale f\u0103r\u0103 prezervativ sau cu gravide este interzis\u0103, chiar dac\u0103 se face \u00eentr-o form\u0103 ascuns\u0103.<\/li>\n<\/ol>\n","protected":false},"excerpt":{"rendered":"<p>Legea protec\u0163iei prostituatelor (ProstSchG) a intrat la data de 1.07.2017 \u00een vigoare \u015fi con\u0163ine pe scurt urm\u0103toarele puncte: obliga\u0163ia persoanelor care lucreaz\u0103 \u00een domeniul prostitu\u0163iei de a se \u00eenregistra, care&hellip; <a class=\"excerpt-more-link\" href=\"http:\/\/invia-streetwork.de\/ro\/\">Read More<\/a><\/p>\n","protected":false},"author":6,"featured_media":0,"parent":0,"menu_order":0,"comment_status":"closed","ping_status":"closed","template":"page-templates\/sprachen.php","meta":{"footnotes":""},"class_list":["post-370","page","type-page","status-publish","hentry"],"_links":{"self":[{"href":"http:\/\/invia-streetwork.de\/ro\/wp-json\/wp\/v2\/pages\/370","targetHints":{"allow":["GET"]}}],"collection":[{"href":"http:\/\/invia-streetwork.de\/ro\/wp-json\/wp\/v2\/pages"}],"about":[{"href":"http:\/\/invia-streetwork.de\/ro\/wp-json\/wp\/v2\/types\/page"}],"author":[{"embeddable":true,"href":"http:\/\/invia-streetwork.de\/ro\/wp-json\/wp\/v2\/users\/6"}],"replies":[{"embeddable":true,"href":"http:\/\/invia-streetwork.de\/ro\/wp-json\/wp\/v2\/comments?post=370"}],"version-history":[{"count":2,"href":"http:\/\/invia-streetwork.de\/ro\/wp-json\/wp\/v2\/pages\/370\/revisions"}],"predecessor-version":[{"id":524,"href":"http:\/\/invia-streetwork.de\/ro\/wp-json\/wp\/v2\/pages\/370\/revisions\/524"}],"wp:attachment":[{"href":"http:\/\/invia-streetwork.de\/ro\/wp-json\/wp\/v2\/media?parent=370"}],"curies":[{"name":"wp","href":"https:\/\/api.w.org\/{rel}","templated":true}]}}