{"id":376,"date":"2018-02-28T11:00:59","date_gmt":"2018-02-28T10:00:59","guid":{"rendered":"http:\/\/invia-streetwork.de\/?page_id=376"},"modified":"2018-03-01T10:44:25","modified_gmt":"2018-03-01T09:44:25","slug":"centru-de-consiliere","status":"publish","type":"page","link":"http:\/\/invia-streetwork.de\/ro\/centru-de-consiliere\/","title":{"rendered":"Centru de consiliere"},"content":{"rendered":"<h2>IN VIA Streetwork<\/h2>\n<h3>ASISTEN\u0162\u0102 SOCIAL\u0102 STRADAL\u0102 \u015eI CONSILIERE IN DOMENIUL PROSTITU\u0162IEI<\/h3>\n<p><strong>Consiliere \u00een urm\u0103toarele domenii:<\/strong><\/p>\n<ul>\n<li>Legea protec\u0163iei prostituatelor (ProstSchG)<\/li>\n<li>Comportament la controale<\/li>\n<li>Impozit<\/li>\n<li>HIV\/SIDA \u015fi alte boli cu transmitere sexual\u0103<\/li>\n<li>Metode contraceptive<\/li>\n<li>Asigurare medical\u0103<\/li>\n<li>Permis de \u015federe \u015fi de munc\u0103 \u00een Germania<\/li>\n<\/ul>\n<p><strong>Ajutor \u015fi consiliere la reorientare profesional\u0103<\/strong><\/p>\n<p><strong>Controale medical\u0103 pentru prostituate:<\/strong><\/p>\n<ul>\n<li>HIV, hepatit\u0103 A+B+C, chlamydia, sifilis, gonoreea (blenoragia)<\/li>\n<li>Test de sarcin\u0103<\/li>\n<\/ul>\n<p><strong>Toate serviciile sunt gratuite \u015fi anonime!<\/strong><\/p>\n<div class=\"box blue-box\"> <strong>Mai multe informa\u0163ii la urm\u0103toarele numere de telefon:<\/strong><br \/>\n+49 1636369437<br \/>\n+49 15787818900<\/div>\n","protected":false},"excerpt":{"rendered":"<p>IN VIA Streetwork ASISTEN\u0162\u0102 SOCIAL\u0102 STRADAL\u0102 \u015eI CONSILIERE IN DOMENIUL PROSTITU\u0162IEI Consiliere \u00een urm\u0103toarele domenii: Legea protec\u0163iei prostituatelor (ProstSchG) Comportament la controale Impozit HIV\/SIDA \u015fi alte boli cu transmitere sexual\u0103&hellip; <a class=\"excerpt-more-link\" href=\"http:\/\/invia-streetwork.de\/ro\/centru-de-consiliere\/\">Read More<\/a><\/p>\n","protected":false},"author":6,"featured_media":0,"parent":0,"menu_order":30,"comment_status":"closed","ping_status":"closed","template":"page-templates\/sprachen.php","meta":{"footnotes":""},"class_list":["post-376","page","type-page","status-publish","hentry"],"_links":{"self":[{"href":"http:\/\/invia-streetwork.de\/ro\/wp-json\/wp\/v2\/pages\/376","targetHints":{"allow":["GET"]}}],"collection":[{"href":"http:\/\/invia-streetwork.de\/ro\/wp-json\/wp\/v2\/pages"}],"about":[{"href":"http:\/\/invia-streetwork.de\/ro\/wp-json\/wp\/v2\/types\/page"}],"author":[{"embeddable":true,"href":"http:\/\/invia-streetwork.de\/ro\/wp-json\/wp\/v2\/users\/6"}],"replies":[{"embeddable":true,"href":"http:\/\/invia-streetwork.de\/ro\/wp-json\/wp\/v2\/comments?post=376"}],"version-history":[{"count":4,"href":"http:\/\/invia-streetwork.de\/ro\/wp-json\/wp\/v2\/pages\/376\/revisions"}],"predecessor-version":[{"id":459,"href":"http:\/\/invia-streetwork.de\/ro\/wp-json\/wp\/v2\/pages\/376\/revisions\/459"}],"wp:attachment":[{"href":"http:\/\/invia-streetwork.de\/ro\/wp-json\/wp\/v2\/media?parent=376"}],"curies":[{"name":"wp","href":"https:\/\/api.w.org\/{rel}","templated":true}]}}