{"id":407,"date":"2018-02-28T11:31:08","date_gmt":"2018-02-28T10:31:08","guid":{"rendered":"http:\/\/invia-streetwork.de\/?page_id=407"},"modified":"2018-02-28T11:31:08","modified_gmt":"2018-02-28T10:31:08","slug":"thong-tin-ve-luat-bao-ve-nguoi-hanh-nghe-mai-dam","status":"publish","type":"page","link":"http:\/\/invia-streetwork.de\/vi\/","title":{"rendered":"Th\u00f4ng tin v\u1ec1 Lu\u1eadt b\u1ea3o v\u1ec7 ng\u01b0\u1eddi h\u00e0nh ngh\u1ec1 m\u1ea1i d\u00e2m"},"content":{"rendered":"<p>Lu\u1eadt b\u1ea3o v\u1ec7 ng\u01b0\u1eddi h\u00e0nh ngh\u1ec1 m\u1ea1i d\u00e2m (ProstSchG) c\u00f3 hi\u1ec7u l\u1ef1c t\u1eeb ng\u00e0y 01.07.2017 bao g\u1ed3m c\u00e1c n\u1ed9i dung ch\u00ednh nh\u01b0 sau: Tr\u00e1ch nhi\u1ec7m \u0111\u0103ng k\u00fd c\u1ee7a ng\u01b0\u1eddi lao \u0111\u1ed9ng t\u00ecnh d\u1ee5c \u0111i k\u00e8m v\u1edbi vi\u1ec7c t\u01b0 v\u1ea5n s\u1ee9c kho\u1ebb, ngh\u0129a v\u1ee5 xin gi\u1ea5y ph\u00e9p c\u1ee7a c\u01a1 s\u1edf kinh doanh m\u1ea1i d\u00e2m, ngh\u0129a v\u1ee5 s\u1eed d\u1ee5ng bao cao su v\u00e0 quy \u0111\u1ecbnh c\u1ea5m qu\u1ea3ng c\u00e1o.<\/p>\n<ol>\n<li>Ai mu\u1ed1n h\u00e0nh ngh\u1ec1 lao \u0111\u1ed9ng t\u00ecnh d\u1ee5c tr\u01b0\u1edbc khi b\u1eaft \u0111\u1ea7u v\u1edbi c\u00f4ng vi\u1ec7c n\u00e0y ph\u1ea3i tr\u1ef1c ti\u1ebfp \u0111\u0103ng k\u00fd t\u1ea1i c\u01a1 quan nh\u00e0 n\u01b0\u1edbc c\u00f3 th\u1ea9m quy\u1ec1n \u1edf \u0111\u1ecba ph\u01b0\u01a1ng l\u00e0 n\u01a1i h\u00e0nh ngh\u1ec1 ch\u00ednh. Tr\u01b0\u1edbc khi \u0111\u0103ng k\u00fd, ng\u01b0\u1eddi lao \u0111\u1ed9ng t\u00ecnh d\u1ee5c ph\u1ea3i \u0111\u01b0\u1ee3c t\u01b0 v\u1ea5n s\u1ee9c kho\u1ebb t\u1ea1i m\u1ed9t c\u01a1 quan y t\u1ebf do Ch\u00ednh quy\u1ec1n Bang u\u1ef7 nhi\u1ec7m. Vi\u1ec7c \u0111\u0103ng k\u00fd di\u1ec5n ra t\u1ea1i m\u1ed9t c\u01a1 quan do Ch\u00ednh quy\u1ec1n Bang ch\u1ec9 \u0111\u1ecbnh v\u00e0 bao g\u1ed3m m\u1ed9t bu\u1ed5i trao \u0111\u1ed5i th\u00f4ng tin v\u00e0 t\u01b0 v\u1ea5n tr\u01b0\u1edbc khi nh\u1eadn gi\u1ea5y x\u00e1c nh\u1eadn \u0111\u0103ng k\u00fd.<\/li>\n<li>Ai mu\u1ed1n m\u1edf m\u1ed9t c\u01a1 s\u1edf kinh doanh m\u1ea1i d\u00e2m c\u1ea7n ph\u1ea3i c\u00f3 gi\u1ea5y ph\u00e9p c\u1ee7a c\u01a1 quan nh\u00e0 n\u01b0\u1edbc c\u00f3 th\u1ea9m quy\u1ec1n. Th\u1ee7 t\u1ee5c c\u1ea5p gi\u1ea5p ph\u00e9p bao h\u00e0m vi\u1ec7c ki\u1ec3m tra \u0111\u1ed9 tin c\u1eady c\u1ee7a ch\u1ee7 c\u01a1 s\u1edf kinh doanh m\u1ea1i d\u00e2m, m\u1ed9t b\u1ea3n lu\u1eadn ch\u1ee9ng kinh doanh ph\u1ea3i \u0111\u01b0\u1ee3c c\u01a1 quan nh\u00e0 n\u01b0\u1edbc c\u00f3 th\u1ea9m quy\u1ec1n th\u00f4ng qua. M\u1ed9t gi\u1ea5y ph\u00e9p \u0111\u01b0\u1ee3c ban h\u00e0nh c\u00f3 th\u1ec3 b\u1ecb h\u1ea1n ch\u1ebf v\u1ec1 n\u1ed9i dung kinh doanh ho\u1eb7c k\u00e8m theo nh\u1eefng \u0111i\u1ec1u kho\u1ea3n b\u1eaft bu\u1ed9c. C\u00e1c c\u01a1 s\u1edf kinh doanh m\u1ea1i d\u00e2m ph\u1ea3i tho\u1ea3 m\u00e3n nh\u1eefng \u0111i\u1ec1u ki\u1ec7n t\u1ed1i thi\u1ec3u theo quy \u0111\u1ecbnh c\u1ee7a ProstSchG.<\/li>\n<li>Kh\u00e1ch h\u00e0ng c\u1ee7a ng\u01b0\u1eddi lao \u0111\u1ed9ng t\u00ecnh d\u1ee5c ph\u1ea3i \u0111\u1ea3m b\u1ea3o vi\u1ec7c s\u1eed d\u1ee5ng bao cao su khi th\u1ef1c hi\u1ec7n vi\u1ec7c giao c\u1ea5u. C\u01a1 s\u1edf kinh doanh m\u1ea1i d\u00e2m c\u00f3 ngh\u0129a v\u1ee5 ch\u1ec9 d\u1eabn v\u1ec1 ngh\u0129a v\u1ee5 s\u1eed d\u1ee5ng bao cao su t\u1ea1i c\u00e1c c\u00e1c n\u01a1i th\u1ef1c hi\u1ec7n ho\u1ea1t \u0111\u1ed9ng m\u1ea1i d\u00e2m th\u00f4ng qua m\u1ed9t b\u1ea3ng ni\u00eam y\u1ebft \u0111\u01b0\u1ee3c \u0111\u1eb7t \u1edf m\u1ed9t n\u01a1i d\u1ec5 nh\u00ecn th\u1ea5y.<\/li>\n<li>C\u1ea5m kh\u00f4ng \u0111\u01b0\u1ee3c qu\u1ea3ng c\u00e1o v\u1ec1 h\u00e0nh vi giao c\u1ea5u kh\u00f4ng s\u1eed d\u1ee5ng bao cao su ho\u1eb7c v\u1edbi ph\u1ee5 n\u1eef c\u00f3 thai, k\u1ec3 c\u1ea3 trong tr\u01b0\u1eddng h\u1ee3p n\u1ed9i dung qu\u1ea3ng c\u00e1o n\u00e0y \u0111\u01b0\u1ee3c th\u1ef1c hi\u1ec7n d\u01b0\u1edbi m\u1ed9t h\u00ecnh th\u1ee9c ng\u00f4n ng\u1eef mang t\u00ednh ch\u1ea5t m\u1eadp m\u1edd.<\/li>\n<\/ol>\n","protected":false},"excerpt":{"rendered":"<p>Lu\u1eadt b\u1ea3o v\u1ec7 ng\u01b0\u1eddi h\u00e0nh ngh\u1ec1 m\u1ea1i d\u00e2m (ProstSchG) c\u00f3 hi\u1ec7u l\u1ef1c t\u1eeb ng\u00e0y 01.07.2017 bao g\u1ed3m c\u00e1c n\u1ed9i dung ch\u00ednh nh\u01b0 sau: Tr\u00e1ch nhi\u1ec7m \u0111\u0103ng k\u00fd c\u1ee7a ng\u01b0\u1eddi lao&hellip; <a class=\"excerpt-more-link\" href=\"http:\/\/invia-streetwork.de\/vi\/\">Read More<\/a><\/p>\n","protected":false},"author":6,"featured_media":0,"parent":0,"menu_order":0,"comment_status":"closed","ping_status":"closed","template":"page-templates\/sprachen.php","meta":{"footnotes":""},"class_list":["post-407","page","type-page","status-publish","hentry"],"_links":{"self":[{"href":"http:\/\/invia-streetwork.de\/vi\/wp-json\/wp\/v2\/pages\/407","targetHints":{"allow":["GET"]}}],"collection":[{"href":"http:\/\/invia-streetwork.de\/vi\/wp-json\/wp\/v2\/pages"}],"about":[{"href":"http:\/\/invia-streetwork.de\/vi\/wp-json\/wp\/v2\/types\/page"}],"author":[{"embeddable":true,"href":"http:\/\/invia-streetwork.de\/vi\/wp-json\/wp\/v2\/users\/6"}],"replies":[{"embeddable":true,"href":"http:\/\/invia-streetwork.de\/vi\/wp-json\/wp\/v2\/comments?post=407"}],"version-history":[{"count":1,"href":"http:\/\/invia-streetwork.de\/vi\/wp-json\/wp\/v2\/pages\/407\/revisions"}],"predecessor-version":[{"id":408,"href":"http:\/\/invia-streetwork.de\/vi\/wp-json\/wp\/v2\/pages\/407\/revisions\/408"}],"wp:attachment":[{"href":"http:\/\/invia-streetwork.de\/vi\/wp-json\/wp\/v2\/media?parent=407"}],"curies":[{"name":"wp","href":"https:\/\/api.w.org\/{rel}","templated":true}]}}