{"id":409,"date":"2018-02-28T11:39:52","date_gmt":"2018-02-28T10:39:52","guid":{"rendered":"http:\/\/invia-streetwork.de\/?page_id=409"},"modified":"2022-01-10T11:04:34","modified_gmt":"2022-01-10T10:04:34","slug":"thong-tin-ve-luat-bao-ve-nguoi-hanh-nghe-mai-dam-prostschg-danh-cho-nguoi-lao-dong-tinh-duc-o-bang-brandenburg","status":"publish","type":"page","link":"http:\/\/invia-streetwork.de\/vi\/thong-tin-ve-luat-bao-ve-nguoi-hanh-nghe-mai-dam-prostschg-danh-cho-nguoi-lao-dong-tinh-duc-o-bang-brandenburg\/","title":{"rendered":"Th\u00f4ng tin v\u1ec1 Lu\u1eadt b\u1ea3o v\u1ec7 ng\u01b0\u1eddi h\u00e0nh ngh\u1ec1 m\u1ea1i d\u00e2m (ProstSchG) d\u00e0nh cho ng\u01b0\u1eddi lao \u0111\u1ed9ng t\u00ecnh d\u1ee5c \u1edf Bang Brandenburg"},"content":{"rendered":"<blockquote><p><span style=\"color: #3366ff;\"><strong>C\u00e1i g\u00ec b\u1ea3o v\u1ec7 kh\u1ecfi corona?<\/strong><\/span><\/p>\n<p><a href=\"http:\/\/invia-streetwork.de\/wp-content\/uploads\/2022\/01\/Flyer_Impfkampagne_Vietnamesisch.pdf\"><span style=\"color: #3366ff;\">Flyer_Impfkampagne_Vietnamesisch<\/span><\/a><\/p><\/blockquote>\n<p>T\u1eeb ng\u00e0y 01.07.2017 ProstSchG b\u1eaft \u0111\u1ea7u c\u00f3 hi\u1ec7u l\u1ef1c \u1edf \u0110\u1ee9c. Vi\u1ec7c \u0111\u0103ng k\u00fd ph\u1ea3i ti\u1ebfn h\u00e0nh t\u1ea1i \u0111\u1ecba ph\u01b0\u01a1ng l\u00e0 n\u01a1i h\u00e0nh ngh\u1ec1 ch\u00ednh.<\/p>\n<h2>C\u00e1c b\u01b0\u1edbc quan tr\u1ecdng<\/h2>\n<h3>1. \u0110\u0103ng k\u00fd:<\/h3>\n<ul>\n<li>T\u01b0 v\u1ea5n s\u1ee9c kho\u1ebb t\u1ea1i S\u1edf y t\u1ebf (\u1edf \u0111\u1ecba ph\u01b0\u01a1ng \u0111\u0103ng k\u00fd)<\/li>\n<li>Trao \u0111\u1ed5i th\u00f4ng tin t\u01b0 v\u1ea5n t\u1ea1i c\u01a1 quan nh\u00e0 n\u01b0\u1edbc c\u00f3 th\u1ea9m quy\u1ec1n<br \/>\nCh\u1ec9 sau \u0111\u00f3 c\u01a1 quan nh\u00e0 n\u01b0\u1edbc c\u00f3 th\u1ea9m quy\u1ec1n m\u1edbi c\u00f3 th\u1ec3 c\u1ea5p gi\u1ea5y x\u00e1c nh\u1eadn \u0111\u0103ng k\u00fd.<\/li>\n<\/ul>\n<h3>2. Gi\u1ea5y x\u00e1c nh\u1eadn \u0111\u0103ng k\u00fd v\u00e0 v\u00e0 gi\u1ea5y x\u00e1c nh\u1eadn tham gia t\u01b0 v\u1ea5n y t\u1ebf ph\u1ea3i lu\u00f4n mang theo ng\u01b0\u1eddi trong khi l\u00e0m vi\u1ec7c!<\/h3>\n<h3>3. Th\u1ee7 t\u1ee5c \u0111\u0103ng k\u00fd (T\u01b0 v\u1ea5n s\u1ee9c kho\u1ebb v\u00e0 Trao \u0111\u1ed5i th\u00f4ng tin v\u00e0 t\u01b0 v\u1ea5n) ph\u1ea3i \u0111\u01b0\u1ee3c ti\u1ebfn h\u00e0nh l\u1ea1i theo \u0111\u1ecbnh k\u1ef3:<\/h3>\n<ul>\n<li><strong>18 &#8211; 21 tu\u1ed5i:<\/strong><br \/>\nTh\u1ee7 t\u1ee5c \u0111\u0103ng k\u00fd v\u1edbi Trao \u0111\u1ed5i th\u00f4ng tin v\u00e0 t\u01b0 v\u1ea5n \u2013 12 th\u00e1ng m\u1ed9t l\u1ea7n<br \/>\nT\u01b0 v\u1ea5n s\u1ee9c kho\u1ebb &#8211; 6 th\u00e1ng m\u1ed9t l\u1ea7n<\/li>\n<li><strong>t\u1eeb 21 tu\u1ed5i:<\/strong><br \/>\nTh\u1ee7 t\u1ee5c \u0111\u0103ng k\u00fd v\u1edbi Trao \u0111\u1ed5i th\u00f4ng tin v\u00e0 t\u01b0 v\u1ea5n \u2013 2 n\u0103m m\u1ed9t l\u1ea7n<br \/>\nT\u01b0 v\u1ea5n s\u1ee9c kho\u1ebb &#8211; 12 th\u00e1ng m\u1ed9t l\u1ea7n<\/li>\n<\/ul>\n<hr \/>\n<h2>\u0110i\u1ec1u ki\u1ec7n \u0111\u0103ng k\u00fd<\/h2>\n<ul>\n<li>Gi\u1ea5y x\u00e1c nh\u1eadn tham gia t\u01b0 v\u1ea5n y t\u1ebf (kh\u00f4ng qu\u00e1 3 th\u00e1ng)<\/li>\n<li>Ch\u1ee9ng minh th\u01b0 h\u1ee3p l\u1ec7<\/li>\n<li>Gi\u1ea5y ph\u00e9p l\u01b0u tr\u00fa v\u00e0 cho ph\u00e9p lao \u0111\u1ed9ng ki\u1ebfm s\u1ed1ng (d\u00e0nh cho c\u00f4ng d\u00e2n ngo\u00e0i EU)<\/li>\n<li>\u0110\u1ecba ch\u1ec9 \u0111\u0103ng k\u00fd h\u1ed9 kh\u1ea9u hay \u0111\u1ecba ch\u1ec9 t\u1ed1ng \u0111\u1ea1t th\u01b0 (\u1edf \u0110\u1ee9c)<\/li>\n<li>2 \u1ea3nh<\/li>\n<li>Bang hay \u0111\u1ecba ph\u01b0\u01a1ng n\u01a1i d\u1ef1 ki\u1ebfn l\u00e0m vi\u1ec7c<\/li>\n<\/ul>\n<p>Khi xu\u1ea5t tr\u00ecnh \u0111\u1ee7 gi\u1ea5y t\u1edd, c\u01a1 quan qu\u1ea3n l\u00fd nh\u00e0 n\u01b0\u1edbc ph\u1ea3i c\u1ea5p gi\u1ea5y x\u00e1c nh\u1eadn \u0111\u0103ng k\u00fd trong ph\u1ea1m vi n\u0103m ng\u00e0y l\u00e0m vi\u1ec7c!<\/p>\n<hr \/>\n<h2>Gi\u1ea5y x\u00e1c nh\u1eadn v\u1edbi danh x\u01b0ng kh\u00e1c<\/h2>\n<p>Ch\u1ec9 trong tr\u01b0\u1eddng h\u1ee3p \u0111\u01b0\u01a1ng s\u1ef1 \u0111\u1ec1 \u0111\u1ea1t nguy\u1ec7n v\u1ecdng, gi\u1ea5y x\u00e1c nh\u1eadn s\u1ebd \u0111\u01b0\u1ee3c c\u1ea5p v\u1edbi m\u1ed9t danh x\u01b0ng t\u01b0\u1edfng t\u01b0\u1ee3ng \/ ngh\u1ec7 danh. T\u1ea5t c\u1ea3 c\u00e1c d\u1eef ki\u1ec7n kh\u00e1c \u0111\u1ec1u nh\u01b0 trong gi\u1ea5y x\u00e1c nh\u1eadn \u0111\u0103ng k\u00fd.<\/p>\n<hr \/>\n<h2>Gi\u1ea5y x\u00e1c nh\u1eadn \u0111\u0103ng k\u00fd bao g\u1ed3m c\u00e1c d\u1eef ki\u1ec7n sau \u0111\u00e2y<\/h2>\n<ul>\n<li>H\u1ecd v\u00e0 t\u00ean hay ngh\u1ec7 danh (trong tr\u01b0\u1eddng h\u1ee3p l\u00e0 gi\u1ea5y x\u00e1c nh\u1eadn v\u1edbi danh x\u01b0ng kh\u00e1c)<\/li>\n<li>Ng\u00e0y sinh v\u00e0 n\u01a1i sinh<\/li>\n<li>Qu\u1ed1c t\u1ecbch<\/li>\n<li>Th\u1eddi h\u1ea1n c\u00f3 gi\u00e1 tr\u1ecb v\u00e0 c\u01a1 quan c\u1ea5p gi\u1ea5y x\u00e1c nh\u1eadn<\/li>\n<li>C\u00e1c Bang v\u00e0 \u0111\u1ecba ph\u01b0\u01a1ng n\u01a1i d\u1ef1 ki\u1ebfn h\u00e0nh ngh\u1ec1<\/li>\n<li>M\u1ed9t t\u1ea5m \u1ea3nh<\/li>\n<\/ul>\n<p><strong>GI\u1ea4Y X\u00c1C NH\u1eacN \u0110\u0102NG K\u00dd HAY GI\u1ea4Y X\u00c1C NH\u1eacN V\u1edaI DANH X\u01afNG KH\u00c1C V\u00c0 GI\u1ea4Y X\u00c1C NH\u1eacN <\/strong><strong>V\u1ec0 VI\u1ec6C THAM GIA T\u01af V\u1ea4N S\u1ee8C KHO\u1eba PH\u1ea2I MANG THEO NG\u01af\u1edcI TRONG KHI L\u00c0M VI\u1ec6C<\/strong><br \/>\nB\u1ea5t c\u1ee9 thay \u0111\u1ed5i n\u00e0o v\u1ec1 th\u00f4ng tin h\u1ed9 kh\u1ea9u v\u00e0 v\u1ec1 \u0111\u1ecba \u0111i\u1ec3m l\u00e0m vi\u1ec7c \u0111\u1ec1u ph\u1ea3i th\u00f4ng b\u00e1o cho c\u01a1 quan qu\u1ea3n l\u00fd nh\u00e0 n\u01b0\u1edbc trong ph\u1ea1m vi 14 ng\u00e0y.<\/p>\n<hr \/>\n<h2>T\u1eeb ch\u1ed1i x\u00e1c nh\u1eadn \u0111\u0103ng k\u00fd hay x\u00e1c nh\u1eadn v\u1edbi danh x\u01b0ng kh\u00e1c<\/h2>\n<p>Ng\u01b0\u1eddi v\u1ecb thanh ni\u00ean v\u00e0 ng\u01b0\u1eddi t\u1eeb 18 \u0111\u1ebfn 21 tu\u1ed5i do m\u1ed9t ng\u01b0\u1eddi kh\u00e1c d\u1eabn m\u1ed1i l\u00e0m vi\u1ec7c m\u1ea1i d\u00e2m hay ng\u01b0\u1eddi l\u00e0m vi\u1ec7c m\u1ea1i d\u00e2m v\u1edbi m\u1ee9c \u0111\u1ed9 ph\u1ee5 thu\u1ed9c cao b\u1ecb t\u1eeb ch\u1ed1i c\u1ea5p gi\u1ea5y x\u00e1c nh\u1eadn.<br \/>\nC\u0169ng nh\u01b0 v\u1eady ph\u1ee5 n\u1eef 6 tu\u1ea7n tr\u01b0\u1edbc khi sinh hay ng\u01b0\u1eddi lao \u0111\u1ed9ng t\u00ecnh d\u1ee5c kh\u00f4ng n\u1ea1p \u0111\u1ea7y \u0111\u1ee7 gi\u1ea5y t\u1edd cho vi\u1ec7c xin x\u00e1c nh\u1eadn \u0111\u0103ng k\u00fd b\u1ecb ch\u1ed1i c\u1ea5p gi\u1ea5y x\u00e1c nh\u1eadn.<\/p>\n<hr \/>\n<h2>Ngh\u0129a v\u1ee5 s\u1eed d\u1ee5ng bao cao su<\/h2>\n<p>Vi\u1ec7c s\u1eed d\u1ee5ng bao cao su l\u00e0 ngh\u0129a v\u1ee5 b\u1eaft bu\u1ed9c. Trong tr\u01b0\u1eddng h\u1ee3p kh\u00f4ng tu\u00e2n th\u1ee7 kh\u00e1ch h\u00e0ng s\u1ebd b\u1ecb ph\u1ea1t ti\u1ec1n n\u1eb7ng.<\/p>\n<hr \/>\n<h2>Ch\u1ee7 c\u01a1 s\u1edf kinh doanh m\u1ea1i d\u00e2m ph\u1ea3i tu\u00e2n th\u1ee7 c\u00e1c quy \u0111\u1ecbnh nh\u1ea5t \u0111\u1ecbnh \u0111\u1ed1i v\u1edbi c\u00e1c c\u01a1 quan qu\u1ea3n l\u00fd nh\u00e0 n\u01b0\u1edbc, v\u00ed d\u1ee5 c\u00e1c quy \u0111\u1ecbnh sau \u0111\u00e2y<\/h2>\n<ul>\n<li>Ch\u1ee7 c\u01a1 s\u1edf c\u00f3 ngh\u0129a v\u1ee5 ki\u1ec3m tra v\u1ec1 vi\u1ec7c ch\u1ec9 nh\u1eefng ng\u01b0\u1eddi c\u00f3 gi\u1ea5y x\u00e1c nh\u1eadn \u0111\u0103ng k\u00fd m\u1edbi \u0111\u01b0\u1ee3c l\u00e0m vi\u1ec7c trong c\u01a1 s\u1edf kinh doanh m\u1ea1i d\u00e2m c\u1ee7a m\u00ecnh (c\u00f3 ngh\u0129a v\u1ee5 ch\u1ec9 cho ph\u00e9p nh\u1eefng ng\u01b0\u1eddi c\u00f3 gi\u1ea5y x\u00e1c nh\u1eadn \u0111\u0103ng k\u00fd l\u00e0m vi\u1ec7c trong c\u01a1 s\u1edf kinh doanh m\u1ea1i d\u00e2m c\u1ee7a m\u00ecnh)<\/li>\n<li>Ph\u1ea3i l\u01b0u c\u00e1c d\u1eef ki\u1ec7n sau \u0111\u00e2y trong 2 n\u0103m:\n<ul>\n<li>H\u1ecd v\u00e0 t\u00ean hay ngh\u1ec7 danh<\/li>\n<li>Th\u1eddi h\u1ea1n c\u00f3 gi\u00e1 tr\u1ecb v\u00e0 c\u01a1 quan c\u1ea5p gi\u1ea5y x\u00e1c nh\u1eadn<\/li>\n<li>Gi\u1ea5y x\u00e1c nh\u1eadn v\u1ec1 vi\u1ec7c tham gia t\u01b0 v\u1ea5n s\u1ee9c kho\u1ebb<\/li>\n<li>Ng\u00e0y l\u00e0m vi\u1ec7c c\u1ee7a c\u00e1c ng\u01b0\u1eddi lao \u0111\u1ed9ng t\u00ecnh d\u1ee5c<\/li>\n<\/ul>\n<\/li>\n<\/ul>\n<hr \/>\n<h2>Ch\u1ee7 c\u01a1 s\u1edf kinh doanh m\u1ea1i d\u00e2m ph\u1ea3i tu\u00e2n th\u1ee7 c\u00e1c quy \u0111\u1ecbnh nh\u1ea5t \u0111\u1ecbnh \u0111\u1ed1i v\u1edbi ng\u01b0\u1eddi lao \u0111\u1ed9ng t\u00ecnh d\u1ee5c<\/h2>\n<ul>\n<li>k\u00fd m\u1ed9t tho\u1ea3 thu\u1eadn tr\u01b0\u1edbc khi l\u00e0m vi\u1ec7c<\/li>\n<li>ph\u1ea3i b\u00e0n giao gi\u1ea5y tho\u1ea3 thu\u1eadn c\u0169ng nh\u01b0 ch\u1ee9ng t\u1eeb\/ ho\u00e1 \u0111\u01a1n v\u1ec1 c\u00e1c l\u1ea7n thanh to\u00e1n<\/li>\n<li>ph\u1ea3i cho ph\u00e9p xem b\u1ea3n lu\u1eadn ch\u1ee9ng kinh doanh \/ch\u01b0\u01a1ng tr\u00ecnh ho\u1ea1t \u0111\u1ed9ng<\/li>\n<li>ch\u1ee7 c\u01a1 s\u1edf v\u00e0o b\u1ea5t c\u1ee9 th\u1eddi \u0111i\u1ec3m n\u00e0o c\u0169ng ph\u1ea3i cho ph\u00e9p ng\u01b0\u1eddi lao \u0111\u1ed9ng t\u00ecnh d\u1ee5c ngh\u1ec9 vi\u1ec7c \u0111\u1ec3 \u0111\u01b0\u1ee3c kh\u00e1m b\u1ec7nh v\u00e0 t\u01b0 v\u1ea5n (t\u1ea1i c\u00e1c v\u0103n ph\u00f2ng t\u01b0 v\u1ea5n hay c\u00e1c c\u01a1 quan nh\u00e0 n\u01b0\u1edbc).<\/li>\n<\/ul>\n<hr \/>\n<h2>B\u1ea3o m\u1eadt th\u00f4ng tin<\/h2>\n<p>Kh\u00f4ng \u0111\u01b0\u1ee3c ph\u1ed5 bi\u1ebfn c\u00e1c d\u1eef ki\u1ec7n v\u1ec1 vi\u1ec7c t\u01b0 v\u1ea5n s\u1ee9c kho\u1ebb v\u00e0 t\u1eeb cu\u1ed9c trao \u0111\u1ed5i th\u00f4ng tin n\u1ebfu kh\u00f4ng \u0111\u01b0\u1ee3c s\u1ef1 \u0111\u1ed3ng \u00fd c\u1ee7a c\u00e1c ng\u01b0\u1eddi lao \u0111\u1ed9ng t\u00ecnh d\u1ee5c.<\/p>\n<p>C\u00e1c d\u1ef1 ki\u1ec7n nh\u00e2n th\u00e2n t\u1eeb gi\u1ea5y x\u00e1c nh\u1eadn \u0111\u0103ng k\u00fd \u0111\u01b0\u1ee3c chuy\u1ec3n ti\u1ebfp cho ph\u00f2ng t\u00e0i ch\u00ednh huy\u1ec7n hay cho c\u00e1c bang v\u00e0 \u0111\u1ecba ph\u01b0\u01a1ng n\u01a1i d\u1ef1 ki\u1ebfn h\u00e0nh ngh\u1ec1.<br \/>\nC\u0169ng nh\u01b0 tr\u01b0\u1edbc \u0111\u00e2y, ho\u1ea1t \u0111\u1ed9ng m\u1ea1i d\u00e2m l\u00e0 lao \u0111\u1ed9ng c\u00f3 ngh\u0129a v\u1ee5 \u0111\u00f3ng thu\u1ebf.<\/p>\n","protected":false},"excerpt":{"rendered":"<p>C\u00e1i g\u00ec b\u1ea3o v\u1ec7 kh\u1ecfi corona? Flyer_Impfkampagne_Vietnamesisch T\u1eeb ng\u00e0y 01.07.2017 ProstSchG b\u1eaft \u0111\u1ea7u c\u00f3 hi\u1ec7u l\u1ef1c \u1edf \u0110\u1ee9c. Vi\u1ec7c \u0111\u0103ng k\u00fd ph\u1ea3i ti\u1ebfn h\u00e0nh t\u1ea1i \u0111\u1ecba ph\u01b0\u01a1ng l\u00e0 n\u01a1i h\u00e0nh&hellip; <a class=\"excerpt-more-link\" href=\"http:\/\/invia-streetwork.de\/vi\/thong-tin-ve-luat-bao-ve-nguoi-hanh-nghe-mai-dam-prostschg-danh-cho-nguoi-lao-dong-tinh-duc-o-bang-brandenburg\/\">Read More<\/a><\/p>\n","protected":false},"author":6,"featured_media":0,"parent":0,"menu_order":10,"comment_status":"closed","ping_status":"closed","template":"page-templates\/sprachen.php","meta":{"footnotes":""},"class_list":["post-409","page","type-page","status-publish","hentry"],"_links":{"self":[{"href":"http:\/\/invia-streetwork.de\/vi\/wp-json\/wp\/v2\/pages\/409","targetHints":{"allow":["GET"]}}],"collection":[{"href":"http:\/\/invia-streetwork.de\/vi\/wp-json\/wp\/v2\/pages"}],"about":[{"href":"http:\/\/invia-streetwork.de\/vi\/wp-json\/wp\/v2\/types\/page"}],"author":[{"embeddable":true,"href":"http:\/\/invia-streetwork.de\/vi\/wp-json\/wp\/v2\/users\/6"}],"replies":[{"embeddable":true,"href":"http:\/\/invia-streetwork.de\/vi\/wp-json\/wp\/v2\/comments?post=409"}],"version-history":[{"count":2,"href":"http:\/\/invia-streetwork.de\/vi\/wp-json\/wp\/v2\/pages\/409\/revisions"}],"predecessor-version":[{"id":732,"href":"http:\/\/invia-streetwork.de\/vi\/wp-json\/wp\/v2\/pages\/409\/revisions\/732"}],"wp:attachment":[{"href":"http:\/\/invia-streetwork.de\/vi\/wp-json\/wp\/v2\/media?parent=409"}],"curies":[{"name":"wp","href":"https:\/\/api.w.org\/{rel}","templated":true}]}}